{"id":8603,"date":"2020-12-30T15:12:38","date_gmt":"2020-12-30T14:12:38","guid":{"rendered":"https:\/\/ucalsa.com\/mentions-legales\/"},"modified":"2020-12-30T15:12:38","modified_gmt":"2020-12-30T14:12:38","slug":"mentions-legales","status":"publish","type":"page","link":"https:\/\/ucalsa.com\/fr\/mentions-legales\/","title":{"rendered":"Mentions l\u00e9gales"},"content":{"rendered":"<h1>MENTIONS L\u00c9GALES<\/h1>\n<p>En cumplimiento con el deber de informaci\u00f3n recogido en el art\u00edculo 10 de la Ley 34\/2002, de 11 de julio, de Servicios de la Sociedad de la Informaci\u00f3n y de Comercio Electr\u00f3nico, le informamos que la URL <strong>www.ucalsa.com<\/strong> (en adelante el PORTAL) es un dominio propiedad de <strong>UNI\u00d3N CASTELLANA DE ALIMENTACI\u00d3N UCALSA S.A. <\/strong>(en adelante la ENTIDAD), con CIF A80994460 con domicilio sito en Calle Oquendo, 23, 4\u00ba Planta 28006 Madrid, e inscrita en el Registro Mercantil de Madrid, Tomo 8681, Libro 0, Folio 146, Secci\u00f3n 8, Hoja M-139701, direcci\u00f3n de correo electr\u00f3nico info@ucalsa.com, y n\u00famero de tel\u00e9fono +34 917813780.<\/p>\n<p>Todas las marcas, nombres comerciales o signos distintivos de cualquier clase que aparecen en el PORTAL son propiedad de la ENTIDAD o de terceros colaboradores, sin que pueda entenderse que el uso o acceso al sitio y\/o a los servicios, atribuya al usuario derecho alguno sobre las citadas marcas, nombres comerciales y\/o signos distintivos.<\/p>\n<p>Asimismo, los contenidos publicados en la web, su dise\u00f1o gr\u00e1fico, im\u00e1genes, bases de datos y c\u00f3digo fuente son propiedad intelectual de la ENTIDAD o de terceros colaboradores, sin que puedan entenderse cedidos al usuario, en virtud de lo establecido en este Aviso Legal, ninguno de los derechos de explotaci\u00f3n que existen o puedan existir sobre dichos contenidos m\u00e1s all\u00e1 de lo estrictamente necesario para el correcto uso del PORTAL y de los servicios que se prestan a trav\u00e9s de \u00e9l.<\/p>\n<p>El acceso a este <em>website<\/em> es responsabilidad exclusiva de los usuarios. El simple acceso al PORTAL no supone entablar ning\u00fan tipo de relaci\u00f3n de car\u00e1cter comercial entre la ENTIDAD y el usuario. Accediendo a \u00e9l, acepta las <a href=\"#\">Condiciones Generales de Uso<\/a>.<\/p>\n","protected":false},"excerpt":{"rendered":"<p>MENTIONS L\u00c9GALES En cumplimiento con el deber de informaci\u00f3n recogido en el art\u00edculo 10 de la Ley 34\/2002, de 11 de julio, de Servicios de la Sociedad de la Informaci\u00f3n y de Comercio Electr\u00f3nico, le informamos que la URL www.ucalsa.com (en adelante el PORTAL) es un dominio propiedad de UNI\u00d3N CASTELLANA DE ALIMENTACI\u00d3N UCALSA S.A. [&hellip;]<\/p>\n","protected":false},"author":1,"featured_media":0,"parent":0,"menu_order":0,"comment_status":"closed","ping_status":"closed","template":"","meta":{"footnotes":""},"class_list":["post-8603","page","type-page","status-publish","hentry"],"yoast_head":"<!-- This site is optimized with the Yoast SEO plugin v24.4 - https:\/\/yoast.com\/wordpress\/plugins\/seo\/ -->\n<title>Mentions l\u00e9gales - Ucalsa S.A.<\/title>\n<meta name=\"robots\" content=\"index, follow, max-snippet:-1, max-image-preview:large, max-video-preview:-1\" \/>\n<link rel=\"canonical\" href=\"https:\/\/ucalsa.com\/fr\/mentions-legales\/\" \/>\n<meta property=\"og:locale\" content=\"fr_FR\" \/>\n<meta property=\"og:type\" content=\"article\" \/>\n<meta property=\"og:title\" content=\"Mentions l\u00e9gales - Ucalsa S.A.\" \/>\n<meta property=\"og:description\" content=\"MENTIONS L\u00c9GALES En cumplimiento con el deber de informaci\u00f3n recogido en el art\u00edculo 10 de la Ley 34\/2002, de 11 de julio, de Servicios de la Sociedad de la Informaci\u00f3n y de Comercio Electr\u00f3nico, le informamos que la URL www.ucalsa.com (en adelante el PORTAL) es un dominio propiedad de UNI\u00d3N CASTELLANA DE ALIMENTACI\u00d3N UCALSA S.A. [&hellip;]\" \/>\n<meta property=\"og:url\" content=\"https:\/\/ucalsa.com\/fr\/mentions-legales\/\" \/>\n<meta property=\"og:site_name\" content=\"Ucalsa S.A.\" \/>\n<meta property=\"article:publisher\" content=\"https:\/\/es-es.facebook.com\/UCALSA-259954814155018\/\" \/>\n<meta name=\"twitter:card\" content=\"summary_large_image\" \/>\n<meta name=\"twitter:label1\" content=\"Dur\u00e9e de lecture estim\u00e9e\" \/>\n\t<meta name=\"twitter:data1\" content=\"1 minute\" \/>\n<script type=\"application\/ld+json\" class=\"yoast-schema-graph\">{\"@context\":\"https:\/\/schema.org\",\"@graph\":[{\"@type\":\"WebPage\",\"@id\":\"https:\/\/ucalsa.com\/fr\/mentions-legales\/\",\"url\":\"https:\/\/ucalsa.com\/fr\/mentions-legales\/\",\"name\":\"Mentions l\u00e9gales - Ucalsa S.A.\",\"isPartOf\":{\"@id\":\"https:\/\/ucalsa.com\/fr\/#website\"},\"datePublished\":\"2020-12-30T14:12:38+00:00\",\"breadcrumb\":{\"@id\":\"https:\/\/ucalsa.com\/fr\/mentions-legales\/#breadcrumb\"},\"inLanguage\":\"fr-FR\",\"potentialAction\":[{\"@type\":\"ReadAction\",\"target\":[\"https:\/\/ucalsa.com\/fr\/mentions-legales\/\"]}]},{\"@type\":\"BreadcrumbList\",\"@id\":\"https:\/\/ucalsa.com\/fr\/mentions-legales\/#breadcrumb\",\"itemListElement\":[{\"@type\":\"ListItem\",\"position\":1,\"name\":\"Portada\",\"item\":\"https:\/\/ucalsa.com\/fr\/accueil\/\"},{\"@type\":\"ListItem\",\"position\":2,\"name\":\"Mentions l\u00e9gales\"}]},{\"@type\":\"WebSite\",\"@id\":\"https:\/\/ucalsa.com\/fr\/#website\",\"url\":\"https:\/\/ucalsa.com\/fr\/\",\"name\":\"Ucalsa S.A.\",\"description\":\"Ucalsa, empresa l\u00edder en construcci\u00f3n y gesti\u00f3n de instalaciones temporales y bases de vida; compras, suministro y log\u00edstica internacional, restauraci\u00f3n colectiva y servicios sociales.\",\"publisher\":{\"@id\":\"https:\/\/ucalsa.com\/fr\/#organization\"},\"potentialAction\":[{\"@type\":\"SearchAction\",\"target\":{\"@type\":\"EntryPoint\",\"urlTemplate\":\"https:\/\/ucalsa.com\/fr\/?s={search_term_string}\"},\"query-input\":{\"@type\":\"PropertyValueSpecification\",\"valueRequired\":true,\"valueName\":\"search_term_string\"}}],\"inLanguage\":\"fr-FR\"},{\"@type\":\"Organization\",\"@id\":\"https:\/\/ucalsa.com\/fr\/#organization\",\"name\":\"UCALSA S.A.\",\"url\":\"https:\/\/ucalsa.com\/fr\/\",\"logo\":{\"@type\":\"ImageObject\",\"inLanguage\":\"fr-FR\",\"@id\":\"https:\/\/ucalsa.com\/fr\/#\/schema\/logo\/image\/\",\"url\":\"https:\/\/ucalsa.com\/wp-content\/uploads\/2018\/06\/logo-ucalsa.png\",\"contentUrl\":\"https:\/\/ucalsa.com\/wp-content\/uploads\/2018\/06\/logo-ucalsa.png\",\"width\":835,\"height\":219,\"caption\":\"UCALSA S.A.\"},\"image\":{\"@id\":\"https:\/\/ucalsa.com\/fr\/#\/schema\/logo\/image\/\"},\"sameAs\":[\"https:\/\/es-es.facebook.com\/UCALSA-259954814155018\/\",\"https:\/\/es.linkedin.com\/company\/ucalsa\"]}]}<\/script>\n<!-- \/ Yoast SEO plugin. -->","yoast_head_json":{"title":"Mentions l\u00e9gales - Ucalsa S.A.","robots":{"index":"index","follow":"follow","max-snippet":"max-snippet:-1","max-image-preview":"max-image-preview:large","max-video-preview":"max-video-preview:-1"},"canonical":"https:\/\/ucalsa.com\/fr\/mentions-legales\/","og_locale":"fr_FR","og_type":"article","og_title":"Mentions l\u00e9gales - Ucalsa S.A.","og_description":"MENTIONS L\u00c9GALES En cumplimiento con el deber de informaci\u00f3n recogido en el art\u00edculo 10 de la Ley 34\/2002, de 11 de julio, de Servicios de la Sociedad de la Informaci\u00f3n y de Comercio Electr\u00f3nico, le informamos que la URL www.ucalsa.com (en adelante el PORTAL) es un dominio propiedad de UNI\u00d3N CASTELLANA DE ALIMENTACI\u00d3N UCALSA S.A. [&hellip;]","og_url":"https:\/\/ucalsa.com\/fr\/mentions-legales\/","og_site_name":"Ucalsa S.A.","article_publisher":"https:\/\/es-es.facebook.com\/UCALSA-259954814155018\/","twitter_card":"summary_large_image","twitter_misc":{"Dur\u00e9e de lecture estim\u00e9e":"1 minute"},"schema":{"@context":"https:\/\/schema.org","@graph":[{"@type":"WebPage","@id":"https:\/\/ucalsa.com\/fr\/mentions-legales\/","url":"https:\/\/ucalsa.com\/fr\/mentions-legales\/","name":"Mentions l\u00e9gales - Ucalsa S.A.","isPartOf":{"@id":"https:\/\/ucalsa.com\/fr\/#website"},"datePublished":"2020-12-30T14:12:38+00:00","breadcrumb":{"@id":"https:\/\/ucalsa.com\/fr\/mentions-legales\/#breadcrumb"},"inLanguage":"fr-FR","potentialAction":[{"@type":"ReadAction","target":["https:\/\/ucalsa.com\/fr\/mentions-legales\/"]}]},{"@type":"BreadcrumbList","@id":"https:\/\/ucalsa.com\/fr\/mentions-legales\/#breadcrumb","itemListElement":[{"@type":"ListItem","position":1,"name":"Portada","item":"https:\/\/ucalsa.com\/fr\/accueil\/"},{"@type":"ListItem","position":2,"name":"Mentions l\u00e9gales"}]},{"@type":"WebSite","@id":"https:\/\/ucalsa.com\/fr\/#website","url":"https:\/\/ucalsa.com\/fr\/","name":"Ucalsa S.A.","description":"Ucalsa, empresa l\u00edder en construcci\u00f3n y gesti\u00f3n de instalaciones temporales y bases de vida; compras, suministro y log\u00edstica internacional, restauraci\u00f3n colectiva y servicios sociales.","publisher":{"@id":"https:\/\/ucalsa.com\/fr\/#organization"},"potentialAction":[{"@type":"SearchAction","target":{"@type":"EntryPoint","urlTemplate":"https:\/\/ucalsa.com\/fr\/?s={search_term_string}"},"query-input":{"@type":"PropertyValueSpecification","valueRequired":true,"valueName":"search_term_string"}}],"inLanguage":"fr-FR"},{"@type":"Organization","@id":"https:\/\/ucalsa.com\/fr\/#organization","name":"UCALSA S.A.","url":"https:\/\/ucalsa.com\/fr\/","logo":{"@type":"ImageObject","inLanguage":"fr-FR","@id":"https:\/\/ucalsa.com\/fr\/#\/schema\/logo\/image\/","url":"https:\/\/ucalsa.com\/wp-content\/uploads\/2018\/06\/logo-ucalsa.png","contentUrl":"https:\/\/ucalsa.com\/wp-content\/uploads\/2018\/06\/logo-ucalsa.png","width":835,"height":219,"caption":"UCALSA S.A."},"image":{"@id":"https:\/\/ucalsa.com\/fr\/#\/schema\/logo\/image\/"},"sameAs":["https:\/\/es-es.facebook.com\/UCALSA-259954814155018\/","https:\/\/es.linkedin.com\/company\/ucalsa"]}]}},"_links":{"self":[{"href":"https:\/\/ucalsa.com\/fr\/wp-json\/wp\/v2\/pages\/8603","targetHints":{"allow":["GET"]}}],"collection":[{"href":"https:\/\/ucalsa.com\/fr\/wp-json\/wp\/v2\/pages"}],"about":[{"href":"https:\/\/ucalsa.com\/fr\/wp-json\/wp\/v2\/types\/page"}],"author":[{"embeddable":true,"href":"https:\/\/ucalsa.com\/fr\/wp-json\/wp\/v2\/users\/1"}],"replies":[{"embeddable":true,"href":"https:\/\/ucalsa.com\/fr\/wp-json\/wp\/v2\/comments?post=8603"}],"version-history":[{"count":0,"href":"https:\/\/ucalsa.com\/fr\/wp-json\/wp\/v2\/pages\/8603\/revisions"}],"wp:attachment":[{"href":"https:\/\/ucalsa.com\/fr\/wp-json\/wp\/v2\/media?parent=8603"}],"curies":[{"name":"wp","href":"https:\/\/api.w.org\/{rel}","templated":true}]}}