{"id":8601,"date":"2020-12-30T08:53:09","date_gmt":"2020-12-30T07:53:09","guid":{"rendered":"https:\/\/ucalsa.com\/voulez-vous-travailler-avec-nous\/"},"modified":"2022-05-05T09:47:59","modified_gmt":"2022-05-05T07:47:59","slug":"voulez-vous-travailler-avec-nous","status":"publish","type":"page","link":"https:\/\/ucalsa.com\/fr\/voulez-vous-travailler-avec-nous\/","title":{"rendered":"VOULEZ-VOUS TRAVAILLER AVEC NOUS?"},"content":{"rendered":"\n<style type=\"text\/css\" data-created_by=\"avia_inline_auto\" id=\"style-css-av-39cgqg-bf65c010829fe69a4013d398d8313aa0\">\n.avia-section.av-39cgqg-bf65c010829fe69a4013d398d8313aa0 .av-extra-border-element .av-extra-border-inner{\nbackground-color:#ffffff;\n}\n<\/style>\n<div id='av_section_1'  class='avia-section av-39cgqg-bf65c010829fe69a4013d398d8313aa0 main_color avia-section-large avia-no-border-styling  avia-builder-el-0  avia-builder-el-no-sibling  avia-bg-style-scroll av-arrow-down-section container_wrap sidebar_right'  ><div class='container av-section-cont-open' ><main  role=\"main\" itemprop=\"mainContentOfPage\"  class='template-page content  av-content-small alpha units'><div class='post-entry post-entry-type-page post-entry-8601'><div class='entry-content-wrapper clearfix'>\n\n<style type=\"text\/css\" data-created_by=\"avia_inline_auto\" id=\"style-css-av-f4adf-b7bf584269eb752ea0d1c9eca8802030\">\n#top .av-special-heading.av-f4adf-b7bf584269eb752ea0d1c9eca8802030{\npadding-bottom:20px;\nfont-size:40px;\n}\nbody .av-special-heading.av-f4adf-b7bf584269eb752ea0d1c9eca8802030 .av-special-heading-tag .heading-char{\nfont-size:25px;\n}\n#top #wrap_all .av-special-heading.av-f4adf-b7bf584269eb752ea0d1c9eca8802030 .av-special-heading-tag{\nfont-size:40px;\n}\n.av-special-heading.av-f4adf-b7bf584269eb752ea0d1c9eca8802030 .av-subheading{\nfont-size:15px;\n}\n<\/style>\n<div  class='av-special-heading av-f4adf-b7bf584269eb752ea0d1c9eca8802030 av-special-heading-h2 blockquote modern-quote  avia-builder-el-1  el_before_av_heading  avia-builder-el-first  av-inherit-size'><h2 class='av-special-heading-tag'  itemprop=\"headline\"  >VOULEZ-VOUS TRAVAILLER AVEC NOUS?<\/h2><div class=\"special-heading-border\"><div class=\"special-heading-inner-border\"><\/div><\/div><\/div>\n\n\n<style type=\"text\/css\" data-created_by=\"avia_inline_auto\" id=\"style-css-av-2uhkk8-36562a06ab1506199e1cfe8da532bf60\">\n.flex_column.av-2uhkk8-36562a06ab1506199e1cfe8da532bf60{\nborder-radius:0px 0px 0px 0px;\n-webkit-border-radius:0px 0px 0px 0px;\n-moz-border-radius:0px 0px 0px 0px;\n}\n<\/style>\n<div class='flex_column av-2uhkk8-36562a06ab1506199e1cfe8da532bf60 av_one_half  avia-builder-el-3  el_after_av_heading  el_before_av_one_half  first flex_column_div av-zero-column-padding '   ><p><form action=\"https:\/\/ucalsa.com\/fr\/voulez-vous-travailler-avec-nous\/\" method=\"post\"  class=\"avia_ajax_form av-form-labels-hidden   avia-builder-el-4  el_before_av_textblock  avia-builder-el-first   \" data-avia-form-id=\"1\" data-avia-redirect='' ><fieldset><p class='  first_form  form_element form_element_half' id='element_avia_1_1'><label for=\"avia_1_1\">Nom <abbr class=\"required\" title=\"requis(e)\">*<\/abbr><\/label> <input name=\"avia_1_1\" class=\"text_input is_empty\" type=\"text\" id=\"avia_1_1\" value=\"\"  placeholder='Nom*'\/><\/p><p class='  form_element form_element_half' id='element_avia_2_1'><label for=\"avia_2_1\">E-Mail <abbr class=\"required\" title=\"requis(e)\">*<\/abbr><\/label> <input name=\"avia_2_1\" class=\"text_input is_email\" type=\"text\" id=\"avia_2_1\" value=\"\"  placeholder='E-Mail*'\/><\/p><div id='avia_3_1' class='av-form-text'><p>\n<span style=\"color: #919191;\">Objet : Formulaire de curriculum vitae<\/span><\/p>\n<\/div><p class='  first_form  form_element form_fullwidth' id='element_avia_4_1'><label for=\"avia_4_1\" class=\"textare_label hidden textare_label_avia_4_1\">Mensage <abbr class=\"required\" title=\"requis(e)\">*<\/abbr><\/label><textarea  placeholder='Mensage*' name=\"avia_4_1\" class=\"text_area is_empty\" cols=\"40\" rows=\"7\" id=\"avia_4_1\" ><\/textarea><\/p><div id='avia_5_1' class='av-form-text'><p>\nAl enviar un formulario debes aceptar nuestro <a title=\"Aviso legal\" href=\"https:\/\/ucalsa.com\/aviso-legal\/\" target=\"_blank\" rel=\"noopener\">Aviso Legal<\/a> y la <a title=\"Pol&#xED;tica de privacidad\" href=\"https:\/\/ucalsa.com\/politica-privacidad\/\" target=\"_blank\" rel=\"noopener\">Pol\u00edtica de Privacidad<\/a><\/p>\n<\/div><p class='  first_form  form_element form_fullwidth' id='element_avia_6_1'><input  name=\"avia_6_1\" class=\"input_checkbox is_empty\" type=\"checkbox\" id=\"avia_6_1\" value=\"true\"\/><label class=\"input_checkbox_label\" for=\"avia_6_1\">Soy mayor de edad y he le\u00eddo y acepto el <a href=\"https:\/\/ucalsa.com\/aviso-legal\/\" title=\"Aviso legal\" target=\"_blank\" rel=\"noopener\">Aviso legal<\/a> y la <a href=\"https:\/\/ucalsa.com\/politica-privacidad\/\" title=\"Pol&#xED;tica de privacidad\" target=\"_blank\" rel=\"noopener\">Pol\u00edtica de Privacidad<\/a> <abbr class=\"required\" title=\"requis(e)\">*<\/abbr><\/label><\/p><p class=\"hidden\"><input type=\"text\" name=\"avia_7_1\" class=\"hidden \" id=\"avia_7_1\" value=\"\" \/><\/p><p class='   form_element form_fullwidth' id='element_avia_8_1'><span class='value_verifier_label'>0 + 2 = ?<\/span><input name=\"avia_8_1_verifier\" type=\"hidden\" id=\"avia_8_1_verifier\" value=\"774285433\"\/><label for=\"avia_8_1\">Merci de prouver que vous \u00eates un humain en donnant le r\u00e9sultat de cette op\u00e9ration <abbr class=\"required\" title=\"requis(e)\">*<\/abbr><\/label><input name=\"avia_8_1\" class=\"text_input captcha\" type=\"text\" id=\"avia_8_1\" value=\"\"\/><\/p><p class=\"form_element \"><input type=\"hidden\" value=\"1\" name=\"avia_generated_form1\" \/><input type=\"submit\" value=\"Envoyer\" class=\"button\"  data-sending-label=\"Envoi\"\/><\/p><\/fieldset><\/form><div id=\"ajaxresponse_1\" class=\"ajaxresponse ajaxresponse_1 hidden\"><\/div><br \/>\n<section  class='av_textblock_section av-kjbpfott-4d8de3d3422f0682399664b826905f18'  itemscope=\"itemscope\" itemtype=\"https:\/\/schema.org\/CreativeWork\" ><div class='avia_textblock'  itemprop=\"text\" ><ul>\n<li>Responsable de los datos: UCALSA, S.A.<\/li>\n<li>Finalidad: Responder a solicitudes del formulario<\/li>\n<li>Legitimaci\u00f3n: Tu consentimiento expreso<\/li>\n<li>Destinatario: UCALSA, S.A.<\/li>\n<li>Derechos: Tienes derecho al acceso, rectificaci\u00f3n, supresi\u00f3n, limitaci\u00f3n, portabilidad y olvido de tus datos<\/li>\n<\/ul>\n<\/div><\/section><\/p><\/div>\n<style type=\"text\/css\" data-created_by=\"avia_inline_auto\" id=\"style-css-av-1u3nxc-1cfab9db8e443cee8db1a5d5e98da06e\">\n.flex_column.av-1u3nxc-1cfab9db8e443cee8db1a5d5e98da06e{\nborder-radius:0px 0px 0px 0px;\n-webkit-border-radius:0px 0px 0px 0px;\n-moz-border-radius:0px 0px 0px 0px;\n}\n<\/style>\n<div class='flex_column av-1u3nxc-1cfab9db8e443cee8db1a5d5e98da06e av_one_half  avia-builder-el-6  el_after_av_one_half  avia-builder-el-last  flex_column_div av-zero-column-padding '   ><style type=\"text\/css\" data-created_by=\"avia_inline_auto\" id=\"style-css-av-1sclv4-b035fc7a1ff3739a73f5640ebf8c3d95\">\n#top .av_textblock_section.av-1sclv4-b035fc7a1ff3739a73f5640ebf8c3d95 .avia_textblock{\ncolor:#023466;\n}\n<\/style>\n<section  class='av_textblock_section av-1sclv4-b035fc7a1ff3739a73f5640ebf8c3d95'  itemscope=\"itemscope\" itemtype=\"https:\/\/schema.org\/CreativeWork\" ><div class='avia_textblock av_inherit_color'  itemprop=\"text\" ><p><strong>UCALSA<\/strong><br \/>\nUni\u00f3n Castellana de Alimentaci\u00f3n, S.A.<\/p>\n<p><strong>QUARTIER G\u00c9N\u00c9RAL<\/strong><br \/>\nC\/ Oquendo 23, 4\u00ba<br \/>\n28006 Madrid<br \/>\nTel: +34 917 813 780<br \/>\nFax: +34 917 819 028<\/p>\n<p><strong>CENTRE LOGISTIQUE<\/strong><br \/>\nAvda. Juan Carlos I, 23<br \/>\n16400 Taranc\u00f3n (Cuenca)<br \/>\nTel: +34 969 327 056<br \/>\nFax: +34 969 327 058<\/p>\n<h4><\/h4>\n<\/div><\/section><\/div><\/div><\/div><\/main><!-- close content main element --><\/div><div class='av-extra-border-element border-extra-arrow-down'><div class='av-extra-border-outer'><div class='av-extra-border-inner'><\/div><\/div><\/div><\/div><div id='after_section_1'  class='main_color av_default_container_wrap container_wrap sidebar_right'  ><div class='container av-section-cont-open' ><div class='template-page content  av-content-small alpha units'><div class='post-entry post-entry-type-page post-entry-8601'><div class='entry-content-wrapper clearfix'>\n","protected":false},"excerpt":{"rendered":"","protected":false},"author":1,"featured_media":0,"parent":0,"menu_order":0,"comment_status":"closed","ping_status":"closed","template":"","meta":{"footnotes":""},"class_list":["post-8601","page","type-page","status-publish","hentry"],"yoast_head":"<!-- This site is optimized with the Yoast SEO plugin v24.4 - https:\/\/yoast.com\/wordpress\/plugins\/seo\/ -->\n<title>VOULEZ-VOUS TRAVAILLER AVEC NOUS? - Ucalsa S.A.<\/title>\n<meta name=\"robots\" content=\"index, follow, max-snippet:-1, max-image-preview:large, max-video-preview:-1\" \/>\n<link rel=\"canonical\" href=\"https:\/\/ucalsa.com\/fr\/voulez-vous-travailler-avec-nous\/\" \/>\n<meta property=\"og:locale\" content=\"fr_FR\" \/>\n<meta property=\"og:type\" content=\"article\" \/>\n<meta property=\"og:title\" content=\"VOULEZ-VOUS TRAVAILLER AVEC NOUS? - Ucalsa S.A.\" \/>\n<meta property=\"og:url\" content=\"https:\/\/ucalsa.com\/fr\/voulez-vous-travailler-avec-nous\/\" \/>\n<meta property=\"og:site_name\" content=\"Ucalsa S.A.\" \/>\n<meta property=\"article:publisher\" content=\"https:\/\/es-es.facebook.com\/UCALSA-259954814155018\/\" \/>\n<meta property=\"article:modified_time\" content=\"2022-05-05T07:47:59+00:00\" \/>\n<meta name=\"twitter:card\" content=\"summary_large_image\" \/>\n<meta name=\"twitter:label1\" content=\"Dur\u00e9e de lecture estim\u00e9e\" \/>\n\t<meta name=\"twitter:data1\" content=\"4 minutes\" \/>\n<script type=\"application\/ld+json\" class=\"yoast-schema-graph\">{\"@context\":\"https:\/\/schema.org\",\"@graph\":[{\"@type\":\"WebPage\",\"@id\":\"https:\/\/ucalsa.com\/fr\/voulez-vous-travailler-avec-nous\/\",\"url\":\"https:\/\/ucalsa.com\/fr\/voulez-vous-travailler-avec-nous\/\",\"name\":\"VOULEZ-VOUS TRAVAILLER AVEC NOUS? - Ucalsa S.A.\",\"isPartOf\":{\"@id\":\"https:\/\/ucalsa.com\/fr\/#website\"},\"datePublished\":\"2020-12-30T07:53:09+00:00\",\"dateModified\":\"2022-05-05T07:47:59+00:00\",\"breadcrumb\":{\"@id\":\"https:\/\/ucalsa.com\/fr\/voulez-vous-travailler-avec-nous\/#breadcrumb\"},\"inLanguage\":\"fr-FR\",\"potentialAction\":[{\"@type\":\"ReadAction\",\"target\":[\"https:\/\/ucalsa.com\/fr\/voulez-vous-travailler-avec-nous\/\"]}]},{\"@type\":\"BreadcrumbList\",\"@id\":\"https:\/\/ucalsa.com\/fr\/voulez-vous-travailler-avec-nous\/#breadcrumb\",\"itemListElement\":[{\"@type\":\"ListItem\",\"position\":1,\"name\":\"Portada\",\"item\":\"https:\/\/ucalsa.com\/fr\/accueil-uk-compliant\/\"},{\"@type\":\"ListItem\",\"position\":2,\"name\":\"VOULEZ-VOUS TRAVAILLER AVEC NOUS?\"}]},{\"@type\":\"WebSite\",\"@id\":\"https:\/\/ucalsa.com\/fr\/#website\",\"url\":\"https:\/\/ucalsa.com\/fr\/\",\"name\":\"Ucalsa S.A.\",\"description\":\"Ucalsa, empresa l\u00edder en construcci\u00f3n y gesti\u00f3n de instalaciones temporales y bases de vida; compras, suministro y log\u00edstica internacional, restauraci\u00f3n colectiva y servicios sociales.\",\"publisher\":{\"@id\":\"https:\/\/ucalsa.com\/fr\/#organization\"},\"potentialAction\":[{\"@type\":\"SearchAction\",\"target\":{\"@type\":\"EntryPoint\",\"urlTemplate\":\"https:\/\/ucalsa.com\/fr\/?s={search_term_string}\"},\"query-input\":{\"@type\":\"PropertyValueSpecification\",\"valueRequired\":true,\"valueName\":\"search_term_string\"}}],\"inLanguage\":\"fr-FR\"},{\"@type\":\"Organization\",\"@id\":\"https:\/\/ucalsa.com\/fr\/#organization\",\"name\":\"UCALSA S.A.\",\"url\":\"https:\/\/ucalsa.com\/fr\/\",\"logo\":{\"@type\":\"ImageObject\",\"inLanguage\":\"fr-FR\",\"@id\":\"https:\/\/ucalsa.com\/fr\/#\/schema\/logo\/image\/\",\"url\":\"https:\/\/ucalsa.com\/wp-content\/uploads\/2018\/06\/logo-ucalsa.png\",\"contentUrl\":\"https:\/\/ucalsa.com\/wp-content\/uploads\/2018\/06\/logo-ucalsa.png\",\"width\":835,\"height\":219,\"caption\":\"UCALSA S.A.\"},\"image\":{\"@id\":\"https:\/\/ucalsa.com\/fr\/#\/schema\/logo\/image\/\"},\"sameAs\":[\"https:\/\/es-es.facebook.com\/UCALSA-259954814155018\/\",\"https:\/\/es.linkedin.com\/company\/ucalsa\"]}]}<\/script>\n<!-- \/ Yoast SEO plugin. -->","yoast_head_json":{"title":"VOULEZ-VOUS TRAVAILLER AVEC NOUS? - Ucalsa S.A.","robots":{"index":"index","follow":"follow","max-snippet":"max-snippet:-1","max-image-preview":"max-image-preview:large","max-video-preview":"max-video-preview:-1"},"canonical":"https:\/\/ucalsa.com\/fr\/voulez-vous-travailler-avec-nous\/","og_locale":"fr_FR","og_type":"article","og_title":"VOULEZ-VOUS TRAVAILLER AVEC NOUS? - Ucalsa S.A.","og_url":"https:\/\/ucalsa.com\/fr\/voulez-vous-travailler-avec-nous\/","og_site_name":"Ucalsa S.A.","article_publisher":"https:\/\/es-es.facebook.com\/UCALSA-259954814155018\/","article_modified_time":"2022-05-05T07:47:59+00:00","twitter_card":"summary_large_image","twitter_misc":{"Dur\u00e9e de lecture estim\u00e9e":"4 minutes"},"schema":{"@context":"https:\/\/schema.org","@graph":[{"@type":"WebPage","@id":"https:\/\/ucalsa.com\/fr\/voulez-vous-travailler-avec-nous\/","url":"https:\/\/ucalsa.com\/fr\/voulez-vous-travailler-avec-nous\/","name":"VOULEZ-VOUS TRAVAILLER AVEC NOUS? - Ucalsa S.A.","isPartOf":{"@id":"https:\/\/ucalsa.com\/fr\/#website"},"datePublished":"2020-12-30T07:53:09+00:00","dateModified":"2022-05-05T07:47:59+00:00","breadcrumb":{"@id":"https:\/\/ucalsa.com\/fr\/voulez-vous-travailler-avec-nous\/#breadcrumb"},"inLanguage":"fr-FR","potentialAction":[{"@type":"ReadAction","target":["https:\/\/ucalsa.com\/fr\/voulez-vous-travailler-avec-nous\/"]}]},{"@type":"BreadcrumbList","@id":"https:\/\/ucalsa.com\/fr\/voulez-vous-travailler-avec-nous\/#breadcrumb","itemListElement":[{"@type":"ListItem","position":1,"name":"Portada","item":"https:\/\/ucalsa.com\/fr\/accueil-uk-compliant\/"},{"@type":"ListItem","position":2,"name":"VOULEZ-VOUS TRAVAILLER AVEC NOUS?"}]},{"@type":"WebSite","@id":"https:\/\/ucalsa.com\/fr\/#website","url":"https:\/\/ucalsa.com\/fr\/","name":"Ucalsa S.A.","description":"Ucalsa, empresa l\u00edder en construcci\u00f3n y gesti\u00f3n de instalaciones temporales y bases de vida; compras, suministro y log\u00edstica internacional, restauraci\u00f3n colectiva y servicios sociales.","publisher":{"@id":"https:\/\/ucalsa.com\/fr\/#organization"},"potentialAction":[{"@type":"SearchAction","target":{"@type":"EntryPoint","urlTemplate":"https:\/\/ucalsa.com\/fr\/?s={search_term_string}"},"query-input":{"@type":"PropertyValueSpecification","valueRequired":true,"valueName":"search_term_string"}}],"inLanguage":"fr-FR"},{"@type":"Organization","@id":"https:\/\/ucalsa.com\/fr\/#organization","name":"UCALSA S.A.","url":"https:\/\/ucalsa.com\/fr\/","logo":{"@type":"ImageObject","inLanguage":"fr-FR","@id":"https:\/\/ucalsa.com\/fr\/#\/schema\/logo\/image\/","url":"https:\/\/ucalsa.com\/wp-content\/uploads\/2018\/06\/logo-ucalsa.png","contentUrl":"https:\/\/ucalsa.com\/wp-content\/uploads\/2018\/06\/logo-ucalsa.png","width":835,"height":219,"caption":"UCALSA S.A."},"image":{"@id":"https:\/\/ucalsa.com\/fr\/#\/schema\/logo\/image\/"},"sameAs":["https:\/\/es-es.facebook.com\/UCALSA-259954814155018\/","https:\/\/es.linkedin.com\/company\/ucalsa"]}]}},"_links":{"self":[{"href":"https:\/\/ucalsa.com\/fr\/wp-json\/wp\/v2\/pages\/8601","targetHints":{"allow":["GET"]}}],"collection":[{"href":"https:\/\/ucalsa.com\/fr\/wp-json\/wp\/v2\/pages"}],"about":[{"href":"https:\/\/ucalsa.com\/fr\/wp-json\/wp\/v2\/types\/page"}],"author":[{"embeddable":true,"href":"https:\/\/ucalsa.com\/fr\/wp-json\/wp\/v2\/users\/1"}],"replies":[{"embeddable":true,"href":"https:\/\/ucalsa.com\/fr\/wp-json\/wp\/v2\/comments?post=8601"}],"version-history":[{"count":1,"href":"https:\/\/ucalsa.com\/fr\/wp-json\/wp\/v2\/pages\/8601\/revisions"}],"predecessor-version":[{"id":8602,"href":"https:\/\/ucalsa.com\/fr\/wp-json\/wp\/v2\/pages\/8601\/revisions\/8602"}],"wp:attachment":[{"href":"https:\/\/ucalsa.com\/fr\/wp-json\/wp\/v2\/media?parent=8601"}],"curies":[{"name":"wp","href":"https:\/\/api.w.org\/{rel}","templated":true}]}}