{"id":8598,"date":"2018-06-28T20:14:31","date_gmt":"2018-06-28T18:14:31","guid":{"rendered":"https:\/\/ucalsa.com\/blog\/"},"modified":"2022-05-05T13:40:36","modified_gmt":"2022-05-05T11:40:36","slug":"blog","status":"publish","type":"page","link":"https:\/\/ucalsa.com\/fr\/blog\/","title":{"rendered":"BLOG"},"content":{"rendered":"\n<style type=\"text\/css\" data-created_by=\"avia_inline_auto\" id=\"style-css-av-2ebxj6-2ca75a696f40d8727f5b1db50840f8d9\">\n.avia-section.av-2ebxj6-2ca75a696f40d8727f5b1db50840f8d9{\nbackground-repeat:no-repeat;\nbackground-image:url(https:\/\/ucalsa.com\/wp-content\/uploads\/2020\/08\/Multimedia.jpg);\nbackground-position:50% 50%;\nbackground-attachment:fixed;\n}\n<\/style>\n<div id='av_section_1'  class='avia-section av-2ebxj6-2ca75a696f40d8727f5b1db50840f8d9 main_color avia-section-huge avia-no-border-styling  avia-builder-el-0  el_before_av_hr  avia-builder-el-first  avia-full-stretch avia-bg-style-fixed container_wrap sidebar_right'  data-section-bg-repeat='stretch'><div class='container av-section-cont-open' ><main  role=\"main\" itemprop=\"mainContentOfPage\"  class='template-page content  av-content-small alpha units'><div class='post-entry post-entry-type-page post-entry-8598'><div class='entry-content-wrapper clearfix'>\n\n<style type=\"text\/css\" data-created_by=\"avia_inline_auto\" id=\"style-css-av-247wle-82dab0d6ffa9de8b975722f4247df0c5\">\n.flex_column.av-247wle-82dab0d6ffa9de8b975722f4247df0c5{\nborder-radius:0px 0px 0px 0px;\n-webkit-border-radius:0px 0px 0px 0px;\n-moz-border-radius:0px 0px 0px 0px;\n}\n<\/style>\n<div class='flex_column av-247wle-82dab0d6ffa9de8b975722f4247df0c5 av_one_full  avia-builder-el-1  avia-builder-el-no-sibling  first flex_column_div av-zero-column-padding '   ><p>\n<style type=\"text\/css\" data-created_by=\"avia_inline_auto\" id=\"style-css-av-kdqaqpv1-164da6617725229418695b0e15993548\">\n#top .av-special-heading.av-kdqaqpv1-164da6617725229418695b0e15993548{\npadding-bottom:0px;\ncolor:#ffffff;\nfont-size:50px;\n}\nbody .av-special-heading.av-kdqaqpv1-164da6617725229418695b0e15993548 .av-special-heading-tag .heading-char{\nfont-size:25px;\n}\n#top #wrap_all .av-special-heading.av-kdqaqpv1-164da6617725229418695b0e15993548 .av-special-heading-tag{\nfont-size:50px;\n}\n.av-special-heading.av-kdqaqpv1-164da6617725229418695b0e15993548 .special-heading-inner-border{\nborder-color:#ffffff;\n}\n.av-special-heading.av-kdqaqpv1-164da6617725229418695b0e15993548 .av-subheading{\nfont-size:30px;\n}\n<\/style>\n<div  class='av-special-heading av-kdqaqpv1-164da6617725229418695b0e15993548 av-special-heading-h1 custom-color-heading blockquote modern-quote modern-centered  avia-builder-el-2  el_before_av_hr  avia-builder-el-first  av-inherit-size'><h1 class='av-special-heading-tag'  itemprop=\"headline\"  ><\/p>\n<p>Derni\u00e8res nouvelles<\/p>\n<p><\/h1><div class='av_custom_color av-subheading av-subheading_below'><p>Tout ce qui se passe \u00e0 Ucalsa est collect\u00e9 ici.<\/p>\n<\/div><div class=\"special-heading-border\"><div class=\"special-heading-inner-border\"><\/div><\/div><\/div><br \/>\n\n<style type=\"text\/css\" data-created_by=\"avia_inline_auto\" id=\"style-css-av-kdq7mozw-6f72788999a146e5ea9e99643b9099cc\">\n#top .hr.av-kdq7mozw-6f72788999a146e5ea9e99643b9099cc{\nmargin-top:30px;\nmargin-bottom:30px;\n}\n.hr.av-kdq7mozw-6f72788999a146e5ea9e99643b9099cc .hr-inner{\nwidth:60px;\n}\n<\/style>\n<div  class='hr av-kdq7mozw-6f72788999a146e5ea9e99643b9099cc hr-custom  avia-builder-el-3  el_after_av_heading  el_before_av_textblock  hr-center hr-icon-no'><span class='hr-inner inner-border-av-border-thin'><span class=\"hr-inner-style\"><\/span><\/span><\/div><br \/>\n\n<style type=\"text\/css\" data-created_by=\"avia_inline_auto\" id=\"style-css-av-9dyegs-0d1eb9f49c09a3a832eab88afbd71421\">\n#top .av_textblock_section.av-9dyegs-0d1eb9f49c09a3a832eab88afbd71421 .avia_textblock{\ncolor:#ffffff;\n}\n<\/style>\n<section  class='av_textblock_section av-9dyegs-0d1eb9f49c09a3a832eab88afbd71421'  itemscope=\"itemscope\" itemtype=\"https:\/\/schema.org\/CreativeWork\" ><div class='avia_textblock av_inherit_color'  itemprop=\"text\" ><div class=\"page\" title=\"Page 1\">\n<div class=\"section\">\n<div class=\"layoutArea\">\n<div class=\"column\">\n<p style=\"text-align: center;\">\u00c0 Ucalsa, nous faisons des choses vraiment belles et incroyables.<br \/>\nNous d\u00e9crirons ici ce que nous faisons, comment nous le faisons et pour qui nous le faisons.<\/p>\n<\/div>\n<\/div>\n<\/div>\n<\/div>\n<\/div><\/section><\/p><\/div>\n<\/div><\/div><\/main><!-- close content main element --><\/div><\/div><div id='after_section_1'  class='main_color av_default_container_wrap container_wrap sidebar_right'  ><div class='container av-section-cont-open' ><div class='template-page content  av-content-small alpha units'><div class='post-entry post-entry-type-page post-entry-8598'><div class='entry-content-wrapper clearfix'>\n<div  class='hr av-5po08m-251d5b3debe83a57d32297d2a6d5f76c hr-full  avia-builder-el-5  el_after_av_section  el_before_av_one_full  avia-builder-el-first  hr-no-shadow'><span class='hr-inner '><span class=\"hr-inner-style\"><\/span><\/span><\/div>\n\n<style type=\"text\/css\" data-created_by=\"avia_inline_auto\" id=\"style-css-av-3s21o7-03b37af8c59281c1693f5b5a79023b0b\">\n.flex_column.av-3s21o7-03b37af8c59281c1693f5b5a79023b0b{\nborder-radius:0px 0px 0px 0px;\n-webkit-border-radius:0px 0px 0px 0px;\n-moz-border-radius:0px 0px 0px 0px;\n}\n<\/style>\n<div class='flex_column av-3s21o7-03b37af8c59281c1693f5b5a79023b0b av_one_full  avia-builder-el-6  el_after_av_hr  avia-builder-el-last  first flex_column_div av-zero-column-padding '   ><div  class='av-alb-blogposts template-blog  av-blog-meta-html-info-disabled '  itemscope=\"itemscope\" itemtype=\"https:\/\/schema.org\/Blog\" >\t<article class=\"entry\">\n\t\t<header class=\"entry-content-header\">\n<h1 class='post-title entry-title '>Aucune page ne correspond \u00e0 votre recherche<\/h1>\t\t<\/header>\n\n\t\t<p class=\"entry-content\"  itemprop=\"text\" >D\u00e9sol\u00e9, aucun article ne correspond \u00e0 votre recherche<\/p>\n\n\t\t<footer class=\"entry-footer\"><\/footer>\n\t<\/article>\n\n<\/div><\/div>\n","protected":false},"excerpt":{"rendered":"","protected":false},"author":1,"featured_media":0,"parent":0,"menu_order":0,"comment_status":"closed","ping_status":"closed","template":"","meta":{"footnotes":""},"class_list":["post-8598","page","type-page","status-publish","hentry"],"yoast_head":"<!-- This site is optimized with the Yoast SEO plugin v24.4 - https:\/\/yoast.com\/wordpress\/plugins\/seo\/ -->\n<title>BLOG - Ucalsa S.A.<\/title>\n<meta name=\"robots\" content=\"index, follow, max-snippet:-1, max-image-preview:large, max-video-preview:-1\" \/>\n<link rel=\"canonical\" href=\"https:\/\/ucalsa.com\/fr\/blog\/\" \/>\n<meta property=\"og:locale\" content=\"fr_FR\" \/>\n<meta property=\"og:type\" content=\"article\" \/>\n<meta property=\"og:title\" content=\"BLOG - Ucalsa S.A.\" \/>\n<meta property=\"og:url\" content=\"https:\/\/ucalsa.com\/fr\/blog\/\" \/>\n<meta property=\"og:site_name\" content=\"Ucalsa S.A.\" \/>\n<meta property=\"article:publisher\" content=\"https:\/\/es-es.facebook.com\/UCALSA-259954814155018\/\" \/>\n<meta property=\"article:modified_time\" content=\"2022-05-05T11:40:36+00:00\" \/>\n<meta name=\"twitter:card\" content=\"summary_large_image\" \/>\n<meta name=\"twitter:label1\" content=\"Dur\u00e9e de lecture estim\u00e9e\" \/>\n\t<meta name=\"twitter:data1\" content=\"3 minutes\" \/>\n<script type=\"application\/ld+json\" class=\"yoast-schema-graph\">{\"@context\":\"https:\/\/schema.org\",\"@graph\":[{\"@type\":\"WebPage\",\"@id\":\"https:\/\/ucalsa.com\/fr\/blog\/\",\"url\":\"https:\/\/ucalsa.com\/fr\/blog\/\",\"name\":\"BLOG - Ucalsa S.A.\",\"isPartOf\":{\"@id\":\"https:\/\/ucalsa.com\/fr\/#website\"},\"datePublished\":\"2018-06-28T18:14:31+00:00\",\"dateModified\":\"2022-05-05T11:40:36+00:00\",\"breadcrumb\":{\"@id\":\"https:\/\/ucalsa.com\/fr\/blog\/#breadcrumb\"},\"inLanguage\":\"fr-FR\",\"potentialAction\":[{\"@type\":\"ReadAction\",\"target\":[\"https:\/\/ucalsa.com\/fr\/blog\/\"]}]},{\"@type\":\"BreadcrumbList\",\"@id\":\"https:\/\/ucalsa.com\/fr\/blog\/#breadcrumb\",\"itemListElement\":[{\"@type\":\"ListItem\",\"position\":1,\"name\":\"Portada\",\"item\":\"https:\/\/ucalsa.com\/fr\/accueil\/\"},{\"@type\":\"ListItem\",\"position\":2,\"name\":\"BLOG\"}]},{\"@type\":\"WebSite\",\"@id\":\"https:\/\/ucalsa.com\/fr\/#website\",\"url\":\"https:\/\/ucalsa.com\/fr\/\",\"name\":\"Ucalsa S.A.\",\"description\":\"Ucalsa, empresa l\u00edder en construcci\u00f3n y gesti\u00f3n de instalaciones temporales y bases de vida; compras, suministro y log\u00edstica internacional, restauraci\u00f3n colectiva y servicios sociales.\",\"publisher\":{\"@id\":\"https:\/\/ucalsa.com\/fr\/#organization\"},\"potentialAction\":[{\"@type\":\"SearchAction\",\"target\":{\"@type\":\"EntryPoint\",\"urlTemplate\":\"https:\/\/ucalsa.com\/fr\/?s={search_term_string}\"},\"query-input\":{\"@type\":\"PropertyValueSpecification\",\"valueRequired\":true,\"valueName\":\"search_term_string\"}}],\"inLanguage\":\"fr-FR\"},{\"@type\":\"Organization\",\"@id\":\"https:\/\/ucalsa.com\/fr\/#organization\",\"name\":\"UCALSA S.A.\",\"url\":\"https:\/\/ucalsa.com\/fr\/\",\"logo\":{\"@type\":\"ImageObject\",\"inLanguage\":\"fr-FR\",\"@id\":\"https:\/\/ucalsa.com\/fr\/#\/schema\/logo\/image\/\",\"url\":\"https:\/\/ucalsa.com\/wp-content\/uploads\/2018\/06\/logo-ucalsa.png\",\"contentUrl\":\"https:\/\/ucalsa.com\/wp-content\/uploads\/2018\/06\/logo-ucalsa.png\",\"width\":835,\"height\":219,\"caption\":\"UCALSA S.A.\"},\"image\":{\"@id\":\"https:\/\/ucalsa.com\/fr\/#\/schema\/logo\/image\/\"},\"sameAs\":[\"https:\/\/es-es.facebook.com\/UCALSA-259954814155018\/\",\"https:\/\/es.linkedin.com\/company\/ucalsa\"]}]}<\/script>\n<!-- \/ Yoast SEO plugin. -->","yoast_head_json":{"title":"BLOG - Ucalsa S.A.","robots":{"index":"index","follow":"follow","max-snippet":"max-snippet:-1","max-image-preview":"max-image-preview:large","max-video-preview":"max-video-preview:-1"},"canonical":"https:\/\/ucalsa.com\/fr\/blog\/","og_locale":"fr_FR","og_type":"article","og_title":"BLOG - Ucalsa S.A.","og_url":"https:\/\/ucalsa.com\/fr\/blog\/","og_site_name":"Ucalsa S.A.","article_publisher":"https:\/\/es-es.facebook.com\/UCALSA-259954814155018\/","article_modified_time":"2022-05-05T11:40:36+00:00","twitter_card":"summary_large_image","twitter_misc":{"Dur\u00e9e de lecture estim\u00e9e":"3 minutes"},"schema":{"@context":"https:\/\/schema.org","@graph":[{"@type":"WebPage","@id":"https:\/\/ucalsa.com\/fr\/blog\/","url":"https:\/\/ucalsa.com\/fr\/blog\/","name":"BLOG - Ucalsa S.A.","isPartOf":{"@id":"https:\/\/ucalsa.com\/fr\/#website"},"datePublished":"2018-06-28T18:14:31+00:00","dateModified":"2022-05-05T11:40:36+00:00","breadcrumb":{"@id":"https:\/\/ucalsa.com\/fr\/blog\/#breadcrumb"},"inLanguage":"fr-FR","potentialAction":[{"@type":"ReadAction","target":["https:\/\/ucalsa.com\/fr\/blog\/"]}]},{"@type":"BreadcrumbList","@id":"https:\/\/ucalsa.com\/fr\/blog\/#breadcrumb","itemListElement":[{"@type":"ListItem","position":1,"name":"Portada","item":"https:\/\/ucalsa.com\/fr\/accueil\/"},{"@type":"ListItem","position":2,"name":"BLOG"}]},{"@type":"WebSite","@id":"https:\/\/ucalsa.com\/fr\/#website","url":"https:\/\/ucalsa.com\/fr\/","name":"Ucalsa S.A.","description":"Ucalsa, empresa l\u00edder en construcci\u00f3n y gesti\u00f3n de instalaciones temporales y bases de vida; compras, suministro y log\u00edstica internacional, restauraci\u00f3n colectiva y servicios sociales.","publisher":{"@id":"https:\/\/ucalsa.com\/fr\/#organization"},"potentialAction":[{"@type":"SearchAction","target":{"@type":"EntryPoint","urlTemplate":"https:\/\/ucalsa.com\/fr\/?s={search_term_string}"},"query-input":{"@type":"PropertyValueSpecification","valueRequired":true,"valueName":"search_term_string"}}],"inLanguage":"fr-FR"},{"@type":"Organization","@id":"https:\/\/ucalsa.com\/fr\/#organization","name":"UCALSA S.A.","url":"https:\/\/ucalsa.com\/fr\/","logo":{"@type":"ImageObject","inLanguage":"fr-FR","@id":"https:\/\/ucalsa.com\/fr\/#\/schema\/logo\/image\/","url":"https:\/\/ucalsa.com\/wp-content\/uploads\/2018\/06\/logo-ucalsa.png","contentUrl":"https:\/\/ucalsa.com\/wp-content\/uploads\/2018\/06\/logo-ucalsa.png","width":835,"height":219,"caption":"UCALSA S.A."},"image":{"@id":"https:\/\/ucalsa.com\/fr\/#\/schema\/logo\/image\/"},"sameAs":["https:\/\/es-es.facebook.com\/UCALSA-259954814155018\/","https:\/\/es.linkedin.com\/company\/ucalsa"]}]}},"_links":{"self":[{"href":"https:\/\/ucalsa.com\/fr\/wp-json\/wp\/v2\/pages\/8598","targetHints":{"allow":["GET"]}}],"collection":[{"href":"https:\/\/ucalsa.com\/fr\/wp-json\/wp\/v2\/pages"}],"about":[{"href":"https:\/\/ucalsa.com\/fr\/wp-json\/wp\/v2\/types\/page"}],"author":[{"embeddable":true,"href":"https:\/\/ucalsa.com\/fr\/wp-json\/wp\/v2\/users\/1"}],"replies":[{"embeddable":true,"href":"https:\/\/ucalsa.com\/fr\/wp-json\/wp\/v2\/comments?post=8598"}],"version-history":[{"count":4,"href":"https:\/\/ucalsa.com\/fr\/wp-json\/wp\/v2\/pages\/8598\/revisions"}],"predecessor-version":[{"id":8654,"href":"https:\/\/ucalsa.com\/fr\/wp-json\/wp\/v2\/pages\/8598\/revisions\/8654"}],"wp:attachment":[{"href":"https:\/\/ucalsa.com\/fr\/wp-json\/wp\/v2\/media?parent=8598"}],"curies":[{"name":"wp","href":"https:\/\/api.w.org\/{rel}","templated":true}]}}