{"id":8595,"date":"2020-12-30T19:21:26","date_gmt":"2020-12-30T18:21:26","guid":{"rendered":"https:\/\/ucalsa.com\/politique-de-cookies\/"},"modified":"2020-12-30T19:21:26","modified_gmt":"2020-12-30T18:21:26","slug":"politique-de-cookies","status":"publish","type":"page","link":"https:\/\/ucalsa.com\/fr\/politique-de-cookies\/","title":{"rendered":"Politique de cookies"},"content":{"rendered":"<h1>POLITIQUE DE COOKIES<\/h1>\n<p><\/br><\/p>\n<ol>\n<li><strong>\u00bfQu\u00e9 son las cookies? <\/strong><\/li>\n<\/ol>\n<p>Se utilizan procedimientos autom\u00e1ticos de recogida (<strong>cookies<\/strong>) para reunir informaci\u00f3n personal de los usuarios, como puede ser el tipo de navegador o sistema operativo, p\u00e1gina de referencia, ruta, dominio ISP (Proveedor de Internet), etc., todo ello con el fin de mejorar los servicios prestados.<\/p>\n<p>Una <strong>cookie<\/strong> es un peque\u00f1o archivo que se almacena en el ordenador de los usuarios al acceder a determinadas p\u00e1ginas web y que permiten a \u00e9stas reconocer a sus usuarios.<\/p>\n<p>Las <strong>cookies<\/strong> actualmente son esenciales para el funcionamiento de internet, aportando innumerables ventajas en la prestaci\u00f3n de servicios interactivos, facilit\u00e1ndole la navegaci\u00f3n y usabilidad de nuestra web.<\/p>\n<p>Las <strong>cookies<\/strong> ayudan a adaptar las webs a sus necesidades personales.<\/p>\n<p>Las <strong>cookies<\/strong> no pueden da\u00f1ar su equipo. En cambio, el que est\u00e9n activadas pueden ayudar a identificar y resolver errores, as\u00ed como a mejorar la navegabilidad de las p\u00e1ginas web.<\/p>\n<p>Las <strong>cookies<\/strong> permiten a una p\u00e1gina web, entre otras cosas, almacenar y recuperar informaci\u00f3n sobre las preferencias de navegaci\u00f3n de un usuario o de su equipo.<\/p>\n<ol start=\"2\">\n<li><strong>\u00bfQu\u00e9 cookies utilizamos? <\/strong><\/li>\n<\/ol>\n<p>En <strong>UNI\u00d3N CASTELLANA DE ALIMENTACI\u00d3N UCALSA S.A<\/strong> utilizamos cookies, logs, enlaces y otras tecnolog\u00edas para almacenar las preferencias del usuario con el fin de mejorar la calidad de nuestros servicios, asegurar el funcionamiento t\u00e9cnico tanto del portal como de las transacciones realizadas, medir la audiencia de la web y desarrollar nuevas y mejores prestaciones.<\/p>\n<p><strong>Propietario de las cookies<\/strong>:<\/p>\n<ul>\n<li>Utilizamos <strong>cookies propias<\/strong> que son enviadas al ordenador del usuario y gestionadas exclusivamente por nosotros para el mejor funcionamiento del sitio web. La informaci\u00f3n que recabamos se emplea para mejorar la calidad de nuestro servicio y la experiencia de nuestros usuarios.<\/li>\n<li>Utilizamos<strong> cookies de terceros<\/strong> (Facebook, Google, Twitter\u2026) usadas por empresas externas, redes sociales o por complementos externos de contenido (como, por ejemplo, Google Maps).<\/li>\n<\/ul>\n<p><strong>Tiempo de conservaci\u00f3n de las cookies:<\/strong><\/p>\n<ul>\n<li>Utilizamos <strong>cookies de sesi\u00f3n<\/strong> que son cookies temporales que permanecen en el archivo de cookies de su navegador hasta que abandone la p\u00e1gina web, por lo que ninguna queda registrada en el disco duro del usuario. La informaci\u00f3n obtenida por medio de estas cookies sirve para analizar pautas de tr\u00e1fico en la web. A la larga, esto nos permite proporcionar una mejor experiencia para mejorar el contenido y facilitando su uso. Por lo tanto, la informaci\u00f3n almacenada en su ordenador es eliminada en cuanto el usuario abandona <strong>https:\/\/ucalsa.pictau.com<\/strong> o cierra el navegador.<\/li>\n<li>Utilizamos <strong>cookies persistentes o permanentes<\/strong> que almacenan informaci\u00f3n en el disco duro del usuario durante el tiempo establecido y dejan de funcionar pasado este tiempo. Nuestra web lee esta informaci\u00f3n cada vez que el usuario realiza una visita a <strong>https:\/\/ucalsa.pictau.com<\/strong>. Estas cookies permiten ofrecer informaci\u00f3n dirigida a los propios intereses de los usuarios y las utilizamos principalmente para facilitar los servicios de compra y registro.<\/li>\n<\/ul>\n<p><strong>Uso de las cookies:<\/strong><\/p>\n<ul>\n<li>Utilizamos <strong>cookies t\u00e9cnicas o requeridas <\/strong>que son estrictamente necesarias para que el usuario acceda y navegue en <strong>https:\/\/ucalsa.pictau.com<\/strong>. Por ejemplo, son cookies t\u00e9cnicas aquellas que sirven para establecer la comunicaci\u00f3n entre el equipo del usuario y la red; prestar un servicio expresamente solicitado por el usuario; realizar el pago de bienes o servicios solicitados por el usuario; asegurar que el contenido de la p\u00e1gina web se carga eficazmente; controlar el tr\u00e1fico y la comunicaci\u00f3n de datos; identificar la sesi\u00f3n; acceder a partes de acceso restringido; recordar los elementos que integran un pedido; realizar el proceso de compra de un pedido; realizar la solicitud de inscripci\u00f3n o participaci\u00f3n en un evento; utilizar elementos de seguridad durante la navegaci\u00f3n; almacenar contenidos para la difusi\u00f3n de videos o sonido; o compartir contenidos a trav\u00e9s de redes sociales. Estas cookies no requieren la informaci\u00f3n previa y el consentimiento del usuario.<\/li>\n<li>Utilizamos <strong>cookies funcionales o de personalizaci\u00f3n<\/strong> que ayudan al usuario a tener una mejor experiencia de la navegaci\u00f3n por el sitio. Un ejemplo de uso de este tipo de cookies son las que se utilizan para almacenar los datos de navegaci\u00f3n de un determinado idioma o mantener autenticado al usuario al registrarse. Estas cookies requieren la informaci\u00f3n previa y el consentimiento del usuario.<\/li>\n<li>Utilizamos <strong>cookies anal\u00edticas<\/strong> para analizar el uso del sitio web, de manera que podamos medir y mejorar el funcionamiento.<\/li>\n<li>Utilizamos <strong>cookies publicitarias y de elaboraci\u00f3n de perfiles <\/strong>para mejorar y gestionar la exposici\u00f3n de anuncios publicitarios al usuario mientras navega en la p\u00e1gina web, evitando que aparezcan anuncios que ya ha visto, as\u00ed como publicar anuncios relevantes para sus intereses.<\/li>\n<\/ul>\n<p><strong>UNI\u00d3N CASTELLANA DE ALIMENTACI\u00d3N UCALSA S.A<\/strong> guarda toda la informaci\u00f3n recogida a trav\u00e9s de las cookies en un formato no personalizado (direcci\u00f3n de IP). Este tipo de informaci\u00f3n obtenida a trav\u00e9s de las cookies no ser\u00e1 comunicado a terceros, ni utilizado para comunicaciones no solicitadas.<\/p>\n<ol start=\"3\">\n<li><strong>\u00bfC\u00f3mo pueden nuestros usuarios gestionar las cookies que utilizamos? <\/strong><\/li>\n<\/ol>\n<p>Los usuarios de <a href=\"https:\/\/ucalsa.com\"><strong>https:\/\/ucalsa.pictau.com<\/strong><\/a> pueden gestionar las cookies y, por lo tanto, rechazarlas de forma unitaria o en su totalidad, en el <u>Panel de Configuraci\u00f3n.<\/u><\/p>\n<p>Si se desactivan o rechazan las cookies, puede ocurrir que algunas de las funciones y\/o servicios no funcionen adecuadamente.<\/p>\n<p>El PORTAL no ejerce control sobre los sitios web mostrados como resultado de su b\u00fasqueda, enlaces o accesos desde nuestro directorio. Estos otros sitios web pueden colocar sus propias cookies o solicitarle informaci\u00f3n personal.<\/p>\n<ol start=\"4\">\n<li><strong>\u00bfC\u00f3mo pueden nuestros usuarios deshabilitar las cookies en los principales navegadores?<\/strong><\/li>\n<\/ol>\n<p>Normalmente es posible dejar de aceptar las cookies del navegador, o dejar de aceptar las cookies de un servicio en particular.<\/p>\n<p>Todos los navegadores modernos permiten <strong>cambiar la configuraci\u00f3n de cookies<\/strong>.<\/p>\n<p>Estos ajustes normalmente se encuentran en las \u2018opciones\u2019 o \u2018Preferencias\u2019 del men\u00fa de su navegador.<\/p>\n<p>Aunque puede variar ligeramente de una versi\u00f3n de navegador a otra, la configuraci\u00f3n de la pol\u00edtica de cookies para los navegadores m\u00e1s utilizados es la siguiente:<\/p>\n<ul>\n<li><strong>Internet Explorer:<\/strong> Herramientas -&gt; Opciones de Internet -&gt; Privacidad -&gt; Configuraci\u00f3n.<\/li>\n<li><strong>Firefox:<\/strong> Herramientas -&gt; Opciones -&gt; Privacidad -&gt; Historial -&gt; Configuraci\u00f3n Personalizada.<\/li>\n<li><strong>Chrome:<\/strong> Configuraci\u00f3n -&gt; Mostrar opciones avanzadas -&gt; Privacidad -&gt; Configuraci\u00f3n de contenido.<\/li>\n<li><strong>Safari:<\/strong> Preferencias -&gt; Seguridad.<\/li>\n<li><strong>Opera:<\/strong> Configuraci\u00f3n -&gt; Privacidad y seguridad.<\/li>\n<\/ul>\n<p>Para m\u00e1s informaci\u00f3n, puede consultar el soporte o la ayuda de su navegador o a trav\u00e9s de los siguientes enlaces: <a href=\"https:\/\/support.apple.com\/kb\/ph17191?locale=es_ES\">Safari<\/a>, <a href=\"https:\/\/support.google.com\/chrome\/answer\/95647?hl=es\">Chrome<\/a>, <a href=\"https:\/\/support.mozilla.org\/es\/kb\/habilitar-y-deshabilitar-cookies-sitios-web-rastrear-preferencias?redirectlocale=es&amp;redirectslug=habilitar-y-deshabilitar-cookies-que-los-sitios-we\">Firefox<\/a>, <a href=\"https:\/\/support.microsoft.com\/es-es\/help\/17442\/windows-internet-explorer-delete-manage-cookies\">Explorer<\/a>, <u><a href=\"https:\/\/help.opera.com\/en\/?s=cookies&amp;product=latest\">Opera<\/a><\/u>.<\/p>\n<p>Muchos navegadores permiten activar un modo privado mediante el cual las cookies se borran siempre despu\u00e9s de su visita. Dependiendo de cada navegador este modo privado, puede tener diferentes nombres. A continuaci\u00f3n, encontrar\u00e1 una lista de los navegadores m\u00e1s comunes y los diferentes nombres de este \u201cmodo privado\u201d:<\/p>\n<ul>\n<li>Internet Explorer 8 y superior &#8211; Navegaci\u00f3n Privada<\/li>\n<li>Safari 2 y superior &#8211; Navegaci\u00f3n Privada<\/li>\n<li>Opera 10.5 y superior &#8211; Navegaci\u00f3n Privada<\/li>\n<li>FireFox 3.5 y superior &#8211; Navegaci\u00f3n Privada<\/li>\n<li>Google Chrome 10 y superior \u2013 Inc\u00f3gnito<\/li>\n<\/ul>\n<ol start=\"5\">\n<li><strong>\u00bfC\u00f3mo puedo deshabilitar las cookies de terceros?<\/strong><\/li>\n<\/ol>\n<p>Si se desea conocer las condiciones de privacidad y uso de cookies de terceros, puede acceder las pol\u00edticas de cookies de:<\/p>\n<ul>\n<li>Facebook: <a href=\"https:\/\/es-es.facebook.com\/help\/cookies\">https:\/\/es-es.facebook.com\/help\/cookies<\/a><\/li>\n<li>Twitter: <a href=\"https:\/\/twitter.com\/privacy\">https:\/\/twitter.com\/privacy<\/a><\/li>\n<li>Youtube: <a href=\"https:\/\/www.google.es\/intl\/es\/policies\/technologies\/cookies\/\">https:\/\/www.google.es\/intl\/es\/policies\/technologies\/cookies\/ <\/a> <\/li>\n<li>Linkedin: <a href=\"https:\/\/www.linkedin.com\/legal\/privacy-policy\">https:\/\/www.linkedin.com\/legal\/privacy-policy<\/a><\/li>\n<li>Google+: <a href=\"https:\/\/www.google.es\/intl\/es\/policies\/technologies\/cookies\/\">https:\/\/www.google.es\/intl\/es\/policies\/technologies\/cookies\/<\/a><\/li>\n<\/ul>\n<ol start=\"6\">\n<li><strong>\u00bfQu\u00e9 ocurre si no acepto las cookies de la web?<\/strong><\/li>\n<\/ol>\n<p>En caso de que el usuario no permita la instalaci\u00f3n de cookies en su navegador es posible que no pueda acceder a alguna de las secciones de nuestro sitio web.<\/p>\n<ol start=\"7\">\n<li><strong>M\u00e1s informaci\u00f3n<\/strong><\/li>\n<\/ol>\n<p><strong>Para m\u00e1s informaci\u00f3n sobre cookies y sus derechos como usuario puede consultar la <\/strong><a href=\"http:\/\/www.interior.gob.es\/documents\/10180\/13073\/Guia_Cookies.pdf\/7c72c988-1e55-42b5-aeee-f7c46a319903\"><strong>Gu\u00eda sobre el uso de cookies elaborada por la Agencia Espa\u00f1ola de Protecci\u00f3n de Datos (AEPD)<\/strong><\/a><\/p>\n<p>&nbsp;<\/p>\n","protected":false},"excerpt":{"rendered":"<p>POLITIQUE DE COOKIES \u00bfQu\u00e9 son las cookies? Se utilizan procedimientos autom\u00e1ticos de recogida (cookies) para reunir informaci\u00f3n personal de los usuarios, como puede ser el tipo de navegador o sistema operativo, p\u00e1gina de referencia, ruta, dominio ISP (Proveedor de Internet), etc., todo ello con el fin de mejorar los servicios prestados. Una cookie es un [&hellip;]<\/p>\n","protected":false},"author":1,"featured_media":0,"parent":0,"menu_order":0,"comment_status":"closed","ping_status":"closed","template":"","meta":{"footnotes":""},"class_list":["post-8595","page","type-page","status-publish","hentry"],"yoast_head":"<!-- This site is optimized with the Yoast SEO plugin v24.4 - https:\/\/yoast.com\/wordpress\/plugins\/seo\/ -->\n<title>Politique de cookies - Ucalsa S.A.<\/title>\n<meta name=\"robots\" content=\"index, follow, max-snippet:-1, max-image-preview:large, max-video-preview:-1\" \/>\n<link rel=\"canonical\" href=\"https:\/\/ucalsa.com\/fr\/politique-de-cookies\/\" \/>\n<meta property=\"og:locale\" content=\"fr_FR\" \/>\n<meta property=\"og:type\" content=\"article\" \/>\n<meta property=\"og:title\" content=\"Politique de cookies - Ucalsa S.A.\" \/>\n<meta property=\"og:description\" content=\"POLITIQUE DE COOKIES \u00bfQu\u00e9 son las cookies? Se utilizan procedimientos autom\u00e1ticos de recogida (cookies) para reunir informaci\u00f3n personal de los usuarios, como puede ser el tipo de navegador o sistema operativo, p\u00e1gina de referencia, ruta, dominio ISP (Proveedor de Internet), etc., todo ello con el fin de mejorar los servicios prestados. Una cookie es un [&hellip;]\" \/>\n<meta property=\"og:url\" content=\"https:\/\/ucalsa.com\/fr\/politique-de-cookies\/\" \/>\n<meta property=\"og:site_name\" content=\"Ucalsa S.A.\" \/>\n<meta property=\"article:publisher\" content=\"https:\/\/es-es.facebook.com\/UCALSA-259954814155018\/\" \/>\n<meta name=\"twitter:card\" content=\"summary_large_image\" \/>\n<meta name=\"twitter:label1\" content=\"Dur\u00e9e de lecture estim\u00e9e\" \/>\n\t<meta name=\"twitter:data1\" content=\"7 minutes\" \/>\n<script type=\"application\/ld+json\" class=\"yoast-schema-graph\">{\"@context\":\"https:\/\/schema.org\",\"@graph\":[{\"@type\":\"WebPage\",\"@id\":\"https:\/\/ucalsa.com\/fr\/politique-de-cookies\/\",\"url\":\"https:\/\/ucalsa.com\/fr\/politique-de-cookies\/\",\"name\":\"Politique de cookies - Ucalsa S.A.\",\"isPartOf\":{\"@id\":\"https:\/\/ucalsa.com\/fr\/#website\"},\"datePublished\":\"2020-12-30T18:21:26+00:00\",\"breadcrumb\":{\"@id\":\"https:\/\/ucalsa.com\/fr\/politique-de-cookies\/#breadcrumb\"},\"inLanguage\":\"fr-FR\",\"potentialAction\":[{\"@type\":\"ReadAction\",\"target\":[\"https:\/\/ucalsa.com\/fr\/politique-de-cookies\/\"]}]},{\"@type\":\"BreadcrumbList\",\"@id\":\"https:\/\/ucalsa.com\/fr\/politique-de-cookies\/#breadcrumb\",\"itemListElement\":[{\"@type\":\"ListItem\",\"position\":1,\"name\":\"Portada\",\"item\":\"https:\/\/ucalsa.com\/fr\/accueil-uk-compliant\/\"},{\"@type\":\"ListItem\",\"position\":2,\"name\":\"Politique de cookies\"}]},{\"@type\":\"WebSite\",\"@id\":\"https:\/\/ucalsa.com\/fr\/#website\",\"url\":\"https:\/\/ucalsa.com\/fr\/\",\"name\":\"Ucalsa S.A.\",\"description\":\"Ucalsa, empresa l\u00edder en construcci\u00f3n y gesti\u00f3n de instalaciones temporales y bases de vida; compras, suministro y log\u00edstica internacional, restauraci\u00f3n colectiva y servicios sociales.\",\"publisher\":{\"@id\":\"https:\/\/ucalsa.com\/fr\/#organization\"},\"potentialAction\":[{\"@type\":\"SearchAction\",\"target\":{\"@type\":\"EntryPoint\",\"urlTemplate\":\"https:\/\/ucalsa.com\/fr\/?s={search_term_string}\"},\"query-input\":{\"@type\":\"PropertyValueSpecification\",\"valueRequired\":true,\"valueName\":\"search_term_string\"}}],\"inLanguage\":\"fr-FR\"},{\"@type\":\"Organization\",\"@id\":\"https:\/\/ucalsa.com\/fr\/#organization\",\"name\":\"UCALSA S.A.\",\"url\":\"https:\/\/ucalsa.com\/fr\/\",\"logo\":{\"@type\":\"ImageObject\",\"inLanguage\":\"fr-FR\",\"@id\":\"https:\/\/ucalsa.com\/fr\/#\/schema\/logo\/image\/\",\"url\":\"https:\/\/ucalsa.com\/wp-content\/uploads\/2018\/06\/logo-ucalsa.png\",\"contentUrl\":\"https:\/\/ucalsa.com\/wp-content\/uploads\/2018\/06\/logo-ucalsa.png\",\"width\":835,\"height\":219,\"caption\":\"UCALSA S.A.\"},\"image\":{\"@id\":\"https:\/\/ucalsa.com\/fr\/#\/schema\/logo\/image\/\"},\"sameAs\":[\"https:\/\/es-es.facebook.com\/UCALSA-259954814155018\/\",\"https:\/\/es.linkedin.com\/company\/ucalsa\"]}]}<\/script>\n<!-- \/ Yoast SEO plugin. -->","yoast_head_json":{"title":"Politique de cookies - Ucalsa S.A.","robots":{"index":"index","follow":"follow","max-snippet":"max-snippet:-1","max-image-preview":"max-image-preview:large","max-video-preview":"max-video-preview:-1"},"canonical":"https:\/\/ucalsa.com\/fr\/politique-de-cookies\/","og_locale":"fr_FR","og_type":"article","og_title":"Politique de cookies - Ucalsa S.A.","og_description":"POLITIQUE DE COOKIES \u00bfQu\u00e9 son las cookies? Se utilizan procedimientos autom\u00e1ticos de recogida (cookies) para reunir informaci\u00f3n personal de los usuarios, como puede ser el tipo de navegador o sistema operativo, p\u00e1gina de referencia, ruta, dominio ISP (Proveedor de Internet), etc., todo ello con el fin de mejorar los servicios prestados. Una cookie es un [&hellip;]","og_url":"https:\/\/ucalsa.com\/fr\/politique-de-cookies\/","og_site_name":"Ucalsa S.A.","article_publisher":"https:\/\/es-es.facebook.com\/UCALSA-259954814155018\/","twitter_card":"summary_large_image","twitter_misc":{"Dur\u00e9e de lecture estim\u00e9e":"7 minutes"},"schema":{"@context":"https:\/\/schema.org","@graph":[{"@type":"WebPage","@id":"https:\/\/ucalsa.com\/fr\/politique-de-cookies\/","url":"https:\/\/ucalsa.com\/fr\/politique-de-cookies\/","name":"Politique de cookies - Ucalsa S.A.","isPartOf":{"@id":"https:\/\/ucalsa.com\/fr\/#website"},"datePublished":"2020-12-30T18:21:26+00:00","breadcrumb":{"@id":"https:\/\/ucalsa.com\/fr\/politique-de-cookies\/#breadcrumb"},"inLanguage":"fr-FR","potentialAction":[{"@type":"ReadAction","target":["https:\/\/ucalsa.com\/fr\/politique-de-cookies\/"]}]},{"@type":"BreadcrumbList","@id":"https:\/\/ucalsa.com\/fr\/politique-de-cookies\/#breadcrumb","itemListElement":[{"@type":"ListItem","position":1,"name":"Portada","item":"https:\/\/ucalsa.com\/fr\/accueil-uk-compliant\/"},{"@type":"ListItem","position":2,"name":"Politique de cookies"}]},{"@type":"WebSite","@id":"https:\/\/ucalsa.com\/fr\/#website","url":"https:\/\/ucalsa.com\/fr\/","name":"Ucalsa S.A.","description":"Ucalsa, empresa l\u00edder en construcci\u00f3n y gesti\u00f3n de instalaciones temporales y bases de vida; compras, suministro y log\u00edstica internacional, restauraci\u00f3n colectiva y servicios sociales.","publisher":{"@id":"https:\/\/ucalsa.com\/fr\/#organization"},"potentialAction":[{"@type":"SearchAction","target":{"@type":"EntryPoint","urlTemplate":"https:\/\/ucalsa.com\/fr\/?s={search_term_string}"},"query-input":{"@type":"PropertyValueSpecification","valueRequired":true,"valueName":"search_term_string"}}],"inLanguage":"fr-FR"},{"@type":"Organization","@id":"https:\/\/ucalsa.com\/fr\/#organization","name":"UCALSA S.A.","url":"https:\/\/ucalsa.com\/fr\/","logo":{"@type":"ImageObject","inLanguage":"fr-FR","@id":"https:\/\/ucalsa.com\/fr\/#\/schema\/logo\/image\/","url":"https:\/\/ucalsa.com\/wp-content\/uploads\/2018\/06\/logo-ucalsa.png","contentUrl":"https:\/\/ucalsa.com\/wp-content\/uploads\/2018\/06\/logo-ucalsa.png","width":835,"height":219,"caption":"UCALSA S.A."},"image":{"@id":"https:\/\/ucalsa.com\/fr\/#\/schema\/logo\/image\/"},"sameAs":["https:\/\/es-es.facebook.com\/UCALSA-259954814155018\/","https:\/\/es.linkedin.com\/company\/ucalsa"]}]}},"_links":{"self":[{"href":"https:\/\/ucalsa.com\/fr\/wp-json\/wp\/v2\/pages\/8595","targetHints":{"allow":["GET"]}}],"collection":[{"href":"https:\/\/ucalsa.com\/fr\/wp-json\/wp\/v2\/pages"}],"about":[{"href":"https:\/\/ucalsa.com\/fr\/wp-json\/wp\/v2\/types\/page"}],"author":[{"embeddable":true,"href":"https:\/\/ucalsa.com\/fr\/wp-json\/wp\/v2\/users\/1"}],"replies":[{"embeddable":true,"href":"https:\/\/ucalsa.com\/fr\/wp-json\/wp\/v2\/comments?post=8595"}],"version-history":[{"count":0,"href":"https:\/\/ucalsa.com\/fr\/wp-json\/wp\/v2\/pages\/8595\/revisions"}],"wp:attachment":[{"href":"https:\/\/ucalsa.com\/fr\/wp-json\/wp\/v2\/media?parent=8595"}],"curies":[{"name":"wp","href":"https:\/\/api.w.org\/{rel}","templated":true}]}}