{"id":8592,"date":"2020-12-30T08:13:10","date_gmt":"2020-12-30T07:13:10","guid":{"rendered":"https:\/\/ucalsa.com\/politique-de-confidentialite\/"},"modified":"2022-05-20T09:25:16","modified_gmt":"2022-05-20T07:25:16","slug":"politique-de-confidentialite","status":"publish","type":"page","link":"https:\/\/ucalsa.com\/fr\/politique-de-confidentialite\/","title":{"rendered":"politique de confidentialit\u00e9"},"content":{"rendered":"<h1>POLITIQUE DE CONFIDENTIALIT\u00c9<\/h1>\n<p>Le informamos que los datos personales recogidos a trav\u00e9s de los <strong><u>formularios de contacto<\/u><\/strong> de la URL <strong>www.ucalsa.com<\/strong> ser\u00e1n tratados por <strong>UNI\u00d3N CASTELLANA DE ALIMENTACI\u00d3N UCALSA S.A. <\/strong> con el fin de gestionar su consulta y, en su caso, el mantenimiento de las relaciones profesionales y comerciales con Usted. Sus datos no ser\u00e1n cedidos a terceros. Este tratamiento de datos es necesario para atender su solicitud y est\u00e1 basado en el consentimiento que Usted nos da al enviarnos su consulta. Salvo que Usted se oponga al tratamiento de sus datos, \u00e9stos ser\u00e1n conservados hasta pasado un a\u00f1o desde que Usted env\u00ede a <strong> UNI\u00d3N CASTELLANA DE ALIMENTACI\u00d3N UCALSA S.A. <\/strong>su consulta o, en su caso, mientras se mantenga la relaci\u00f3n mercantil y los plazos marcados por la legislaci\u00f3n fiscal o durante los plazos establecidos para atender posibles reclamaciones.<\/p>\n<p>Los datos personales que Usted pueda facilitarnos durante su <strong><u>relaci\u00f3n contractual, profesional o comercial<\/u><\/strong> con <strong>UNI\u00d3N CASTELLANA DE ALIMENTACI\u00d3N UCALSA S.A.<\/strong>, ser\u00e1n tratados por la misma con la finalidad de mantener dichas relaciones, as\u00ed como para el env\u00edo de comunicaciones que puedan resultar de su inter\u00e9s. Ud. puede oponerse libremente a recibir dichas comunicaciones, sin que ello condicione nuestras relaciones contractuales, comerciales y profesionales. Para la realizaci\u00f3n de esta gesti\u00f3n es posible que sus datos sean cedidos a entidades bancarias y a la Administraci\u00f3n Tributaria. Este tratamiento de datos es necesario para la ejecuci\u00f3n del contrato y\/o para el mantenimiento de la relaci\u00f3n contractual, profesional o comercial. Igualmente, le informamos que sus datos ser\u00e1n conservados mientras se mantengan estas relaciones y los plazos marcados por la legislaci\u00f3n fiscal o durante los plazos establecidos para atender posibles reclamaciones.<\/p>\n<p>Si Usted nos ha enviado su <strong><u>curriculum<\/u><\/strong> a las direcciones postales o electr\u00f3nicas de <strong>www.ucalsa.com<\/strong> o nos lo ha facilitado a trav\u00e9s de una oferta de empleo publicada en redes sociales profesionales, como LinkedIn, Infojobs o MilAnuncios \u201cTrabajo\u201d, le informamos que sus datos ser\u00e1n tratados por <strong>UNI\u00d3N CASTELLANA DE ALIMENTACI\u00d3N UCALSA S.A.<\/strong> para la gesti\u00f3n de sus procesos de selecci\u00f3n de personal de puestos vacantes en la empresa. Sus datos podr\u00e1n ser cedidos a la empresa del grupo respecto de la cual usted haya aplicado la oferta\/vacante. Este tratamiento de datos es necesario para atender su solicitud de empleo y est\u00e1 basado en el consentimiento que Usted nos da al enviarnos su curr\u00edculum. Salvo que Usted se oponga al tratamiento de sus datos, \u00e9stos ser\u00e1n conservados hasta pasados 2 a\u00f1os desde que Usted env\u00ede a <strong>UNI\u00d3N CASTELLANA DE ALIMENTACI\u00d3N UCALSA S.A.<\/strong> su curr\u00edculum o, en su caso, mientras se mantenga la relaci\u00f3n laboral o mercantil y los plazos marcados por la legislaci\u00f3n laboral y fiscal o durante los plazos establecidos para atender posibles reclamaciones.<\/p>\n<p><strong>UNI\u00d3N CASTELLANA DE ALIMENTACI\u00d3N UCALSA S.A.<\/strong> le informa de que en ning\u00fan caso est\u00e1 obligado a facilitarnos sus datos personales, y que \u00e9stos son los adecuados, pertinentes y estrictamente necesarios para cumplir con la finalidad por la que se recogen; no obstante, \u00e9stos son imprescindibles para dar respuesta a su solicitud o para proporcionarle los servicios ofertados.<\/p>\n<p>Es importante, para que podamos mantener sus datos personales actualizados, que nos informe siempre que haya habido alguna modificaci\u00f3n en ellos, en caso contrario, no respondemos de la veracidad de los mismos. Asimismo, nos certifica que todos los datos que Ud. nos facilita son ciertos, vigentes y pertinentes para la finalidad por la que se los solicitamos, y que los facilita por s\u00ed mismo.<\/p>\n<p><strong>Derechos de protecci\u00f3n de datos del interesado<\/strong><\/p>\n<p>Ud. puede ejercer sus derechos de acceso, rectificaci\u00f3n, supresi\u00f3n, oposici\u00f3n, a no ser objeto de decisiones individuales automatizadas, portabilidad y limitaci\u00f3n del tratamiento de sus datos dirigi\u00e9ndose a <strong>UNI\u00d3N CASTELLANA DE ALIMENTACI\u00d3N UCALSA S.A.<\/strong>, sita en Calle Oquendo, 23, 28006 Madrid, o a la direcci\u00f3n <strong><a href=\"mailto:protecciondedatos@ucalsa.com\"><span style=\"color: #000000;\">protecciondedatos@ucalsa.com<\/span><\/a><\/strong><span style=\"color: #000000;\">,<\/span> acompa\u00f1ando documentaci\u00f3n que acredite debidamente su identidad. Ud. tiene derecho a presentar una reclamaci\u00f3n ante la Agencia Espa\u00f1ola de Protecci\u00f3n de Datos (AEPD), si considera infringidos sus derechos.<\/p>\n<p><strong>Garant\u00eda de Confidencialidad y Seguridad de los datos<\/strong><\/p>\n<p><strong>UNI\u00d3N CASTELLANA DE ALIMENTACI\u00d3N UCALSA S.A.<\/strong>, en respuesta a la confianza depositada en nosotros y teniendo en cuenta la importancia en materia de protecci\u00f3n y confidencialidad que requieren sus datos personales, les informa que ha adoptado las medidas, t\u00e9cnicas y organizativas, necesarias para garantizar la confidencialidad, disponibilidad, integridad y resiliencia de sus sistemas y servicios de tratamiento. No obstante, el usuario debe ser consciente de que las medidas de seguridad en Internet no son inexpugnables.<\/p>\n<p>La presente pol\u00edtica de privacidad ha sido actualizada en abril de 2019. <strong>UNI\u00d3N CASTELLANA DE ALIMENTACI\u00d3N UCALSA S.A. <\/strong> se reserva el derecho de modificar su pol\u00edtica de protecci\u00f3n de datos en el supuesto de que exista un cambio de la legislaci\u00f3n vigente, doctrina jurisprudencial o por criterios propios empresariales. Si se introdujese alg\u00fan cambio en esta pol\u00edtica, el nuevo texto se publicar\u00e1 en esta misma direcci\u00f3n.<\/p>\n","protected":false},"excerpt":{"rendered":"<p>POLITIQUE DE CONFIDENTIALIT\u00c9 Le informamos que los datos personales recogidos a trav\u00e9s de los formularios de contacto de la URL www.ucalsa.com ser\u00e1n tratados por UNI\u00d3N CASTELLANA DE ALIMENTACI\u00d3N UCALSA S.A. con el fin de gestionar su consulta y, en su caso, el mantenimiento de las relaciones profesionales y comerciales con Usted. Sus datos no ser\u00e1n [&hellip;]<\/p>\n","protected":false},"author":1,"featured_media":0,"parent":0,"menu_order":0,"comment_status":"closed","ping_status":"closed","template":"","meta":{"footnotes":""},"class_list":["post-8592","page","type-page","status-publish","hentry"],"yoast_head":"<!-- This site is optimized with the Yoast SEO plugin v24.4 - https:\/\/yoast.com\/wordpress\/plugins\/seo\/ -->\n<title>politique de confidentialit\u00e9 - Ucalsa S.A.<\/title>\n<meta name=\"robots\" content=\"index, follow, max-snippet:-1, max-image-preview:large, max-video-preview:-1\" \/>\n<link rel=\"canonical\" href=\"https:\/\/ucalsa.com\/fr\/politique-de-confidentialite\/\" \/>\n<meta property=\"og:locale\" content=\"fr_FR\" \/>\n<meta property=\"og:type\" content=\"article\" \/>\n<meta property=\"og:title\" content=\"politique de confidentialit\u00e9 - Ucalsa S.A.\" \/>\n<meta property=\"og:description\" content=\"POLITIQUE DE CONFIDENTIALIT\u00c9 Le informamos que los datos personales recogidos a trav\u00e9s de los formularios de contacto de la URL www.ucalsa.com ser\u00e1n tratados por UNI\u00d3N CASTELLANA DE ALIMENTACI\u00d3N UCALSA S.A. con el fin de gestionar su consulta y, en su caso, el mantenimiento de las relaciones profesionales y comerciales con Usted. Sus datos no ser\u00e1n [&hellip;]\" \/>\n<meta property=\"og:url\" content=\"https:\/\/ucalsa.com\/fr\/politique-de-confidentialite\/\" \/>\n<meta property=\"og:site_name\" content=\"Ucalsa S.A.\" \/>\n<meta property=\"article:publisher\" content=\"https:\/\/es-es.facebook.com\/UCALSA-259954814155018\/\" \/>\n<meta property=\"article:modified_time\" content=\"2022-05-20T07:25:16+00:00\" \/>\n<meta name=\"twitter:card\" content=\"summary_large_image\" \/>\n<meta name=\"twitter:label1\" content=\"Dur\u00e9e de lecture estim\u00e9e\" \/>\n\t<meta name=\"twitter:data1\" content=\"4 minutes\" \/>\n<script type=\"application\/ld+json\" class=\"yoast-schema-graph\">{\"@context\":\"https:\/\/schema.org\",\"@graph\":[{\"@type\":\"WebPage\",\"@id\":\"https:\/\/ucalsa.com\/fr\/politique-de-confidentialite\/\",\"url\":\"https:\/\/ucalsa.com\/fr\/politique-de-confidentialite\/\",\"name\":\"politique de confidentialit\u00e9 - Ucalsa S.A.\",\"isPartOf\":{\"@id\":\"https:\/\/ucalsa.com\/fr\/#website\"},\"datePublished\":\"2020-12-30T07:13:10+00:00\",\"dateModified\":\"2022-05-20T07:25:16+00:00\",\"breadcrumb\":{\"@id\":\"https:\/\/ucalsa.com\/fr\/politique-de-confidentialite\/#breadcrumb\"},\"inLanguage\":\"fr-FR\",\"potentialAction\":[{\"@type\":\"ReadAction\",\"target\":[\"https:\/\/ucalsa.com\/fr\/politique-de-confidentialite\/\"]}]},{\"@type\":\"BreadcrumbList\",\"@id\":\"https:\/\/ucalsa.com\/fr\/politique-de-confidentialite\/#breadcrumb\",\"itemListElement\":[{\"@type\":\"ListItem\",\"position\":1,\"name\":\"Portada\",\"item\":\"https:\/\/ucalsa.com\/fr\/accueil\/\"},{\"@type\":\"ListItem\",\"position\":2,\"name\":\"politique de confidentialit\u00e9\"}]},{\"@type\":\"WebSite\",\"@id\":\"https:\/\/ucalsa.com\/fr\/#website\",\"url\":\"https:\/\/ucalsa.com\/fr\/\",\"name\":\"Ucalsa S.A.\",\"description\":\"Ucalsa, empresa l\u00edder en construcci\u00f3n y gesti\u00f3n de instalaciones temporales y bases de vida; compras, suministro y log\u00edstica internacional, restauraci\u00f3n colectiva y servicios sociales.\",\"publisher\":{\"@id\":\"https:\/\/ucalsa.com\/fr\/#organization\"},\"potentialAction\":[{\"@type\":\"SearchAction\",\"target\":{\"@type\":\"EntryPoint\",\"urlTemplate\":\"https:\/\/ucalsa.com\/fr\/?s={search_term_string}\"},\"query-input\":{\"@type\":\"PropertyValueSpecification\",\"valueRequired\":true,\"valueName\":\"search_term_string\"}}],\"inLanguage\":\"fr-FR\"},{\"@type\":\"Organization\",\"@id\":\"https:\/\/ucalsa.com\/fr\/#organization\",\"name\":\"UCALSA S.A.\",\"url\":\"https:\/\/ucalsa.com\/fr\/\",\"logo\":{\"@type\":\"ImageObject\",\"inLanguage\":\"fr-FR\",\"@id\":\"https:\/\/ucalsa.com\/fr\/#\/schema\/logo\/image\/\",\"url\":\"https:\/\/ucalsa.com\/wp-content\/uploads\/2018\/06\/logo-ucalsa.png\",\"contentUrl\":\"https:\/\/ucalsa.com\/wp-content\/uploads\/2018\/06\/logo-ucalsa.png\",\"width\":835,\"height\":219,\"caption\":\"UCALSA S.A.\"},\"image\":{\"@id\":\"https:\/\/ucalsa.com\/fr\/#\/schema\/logo\/image\/\"},\"sameAs\":[\"https:\/\/es-es.facebook.com\/UCALSA-259954814155018\/\",\"https:\/\/es.linkedin.com\/company\/ucalsa\"]}]}<\/script>\n<!-- \/ Yoast SEO plugin. -->","yoast_head_json":{"title":"politique de confidentialit\u00e9 - Ucalsa S.A.","robots":{"index":"index","follow":"follow","max-snippet":"max-snippet:-1","max-image-preview":"max-image-preview:large","max-video-preview":"max-video-preview:-1"},"canonical":"https:\/\/ucalsa.com\/fr\/politique-de-confidentialite\/","og_locale":"fr_FR","og_type":"article","og_title":"politique de confidentialit\u00e9 - Ucalsa S.A.","og_description":"POLITIQUE DE CONFIDENTIALIT\u00c9 Le informamos que los datos personales recogidos a trav\u00e9s de los formularios de contacto de la URL www.ucalsa.com ser\u00e1n tratados por UNI\u00d3N CASTELLANA DE ALIMENTACI\u00d3N UCALSA S.A. con el fin de gestionar su consulta y, en su caso, el mantenimiento de las relaciones profesionales y comerciales con Usted. Sus datos no ser\u00e1n [&hellip;]","og_url":"https:\/\/ucalsa.com\/fr\/politique-de-confidentialite\/","og_site_name":"Ucalsa S.A.","article_publisher":"https:\/\/es-es.facebook.com\/UCALSA-259954814155018\/","article_modified_time":"2022-05-20T07:25:16+00:00","twitter_card":"summary_large_image","twitter_misc":{"Dur\u00e9e de lecture estim\u00e9e":"4 minutes"},"schema":{"@context":"https:\/\/schema.org","@graph":[{"@type":"WebPage","@id":"https:\/\/ucalsa.com\/fr\/politique-de-confidentialite\/","url":"https:\/\/ucalsa.com\/fr\/politique-de-confidentialite\/","name":"politique de confidentialit\u00e9 - Ucalsa S.A.","isPartOf":{"@id":"https:\/\/ucalsa.com\/fr\/#website"},"datePublished":"2020-12-30T07:13:10+00:00","dateModified":"2022-05-20T07:25:16+00:00","breadcrumb":{"@id":"https:\/\/ucalsa.com\/fr\/politique-de-confidentialite\/#breadcrumb"},"inLanguage":"fr-FR","potentialAction":[{"@type":"ReadAction","target":["https:\/\/ucalsa.com\/fr\/politique-de-confidentialite\/"]}]},{"@type":"BreadcrumbList","@id":"https:\/\/ucalsa.com\/fr\/politique-de-confidentialite\/#breadcrumb","itemListElement":[{"@type":"ListItem","position":1,"name":"Portada","item":"https:\/\/ucalsa.com\/fr\/accueil\/"},{"@type":"ListItem","position":2,"name":"politique de confidentialit\u00e9"}]},{"@type":"WebSite","@id":"https:\/\/ucalsa.com\/fr\/#website","url":"https:\/\/ucalsa.com\/fr\/","name":"Ucalsa S.A.","description":"Ucalsa, empresa l\u00edder en construcci\u00f3n y gesti\u00f3n de instalaciones temporales y bases de vida; compras, suministro y log\u00edstica internacional, restauraci\u00f3n colectiva y servicios sociales.","publisher":{"@id":"https:\/\/ucalsa.com\/fr\/#organization"},"potentialAction":[{"@type":"SearchAction","target":{"@type":"EntryPoint","urlTemplate":"https:\/\/ucalsa.com\/fr\/?s={search_term_string}"},"query-input":{"@type":"PropertyValueSpecification","valueRequired":true,"valueName":"search_term_string"}}],"inLanguage":"fr-FR"},{"@type":"Organization","@id":"https:\/\/ucalsa.com\/fr\/#organization","name":"UCALSA S.A.","url":"https:\/\/ucalsa.com\/fr\/","logo":{"@type":"ImageObject","inLanguage":"fr-FR","@id":"https:\/\/ucalsa.com\/fr\/#\/schema\/logo\/image\/","url":"https:\/\/ucalsa.com\/wp-content\/uploads\/2018\/06\/logo-ucalsa.png","contentUrl":"https:\/\/ucalsa.com\/wp-content\/uploads\/2018\/06\/logo-ucalsa.png","width":835,"height":219,"caption":"UCALSA S.A."},"image":{"@id":"https:\/\/ucalsa.com\/fr\/#\/schema\/logo\/image\/"},"sameAs":["https:\/\/es-es.facebook.com\/UCALSA-259954814155018\/","https:\/\/es.linkedin.com\/company\/ucalsa"]}]}},"_links":{"self":[{"href":"https:\/\/ucalsa.com\/fr\/wp-json\/wp\/v2\/pages\/8592","targetHints":{"allow":["GET"]}}],"collection":[{"href":"https:\/\/ucalsa.com\/fr\/wp-json\/wp\/v2\/pages"}],"about":[{"href":"https:\/\/ucalsa.com\/fr\/wp-json\/wp\/v2\/types\/page"}],"author":[{"embeddable":true,"href":"https:\/\/ucalsa.com\/fr\/wp-json\/wp\/v2\/users\/1"}],"replies":[{"embeddable":true,"href":"https:\/\/ucalsa.com\/fr\/wp-json\/wp\/v2\/comments?post=8592"}],"version-history":[{"count":1,"href":"https:\/\/ucalsa.com\/fr\/wp-json\/wp\/v2\/pages\/8592\/revisions"}],"predecessor-version":[{"id":8861,"href":"https:\/\/ucalsa.com\/fr\/wp-json\/wp\/v2\/pages\/8592\/revisions\/8861"}],"wp:attachment":[{"href":"https:\/\/ucalsa.com\/fr\/wp-json\/wp\/v2\/media?parent=8592"}],"curies":[{"name":"wp","href":"https:\/\/api.w.org\/{rel}","templated":true}]}}