{"id":8529,"date":"2020-12-30T08:53:09","date_gmt":"2020-12-30T07:53:09","guid":{"rendered":"https:\/\/ucalsa.com\/do-you-want-to-work-with-us\/"},"modified":"2022-05-05T16:20:54","modified_gmt":"2022-05-05T14:20:54","slug":"do-you-want-to-work-with-us","status":"publish","type":"page","link":"https:\/\/ucalsa.com\/en\/do-you-want-to-work-with-us\/","title":{"rendered":"DO YOU WANT TO WORK WITH US?"},"content":{"rendered":"\n<style type=\"text\/css\" data-created_by=\"avia_inline_auto\" id=\"style-css-av-39cgqg-bf65c010829fe69a4013d398d8313aa0\">\n.avia-section.av-39cgqg-bf65c010829fe69a4013d398d8313aa0 .av-extra-border-element .av-extra-border-inner{\nbackground-color:#ffffff;\n}\n<\/style>\n<div id='av_section_1'  class='avia-section av-39cgqg-bf65c010829fe69a4013d398d8313aa0 main_color avia-section-large avia-no-border-styling  avia-builder-el-0  avia-builder-el-no-sibling  avia-bg-style-scroll av-arrow-down-section container_wrap sidebar_right'  ><div class='container av-section-cont-open' ><main  role=\"main\" itemprop=\"mainContentOfPage\"  class='template-page content  av-content-small alpha units'><div class='post-entry post-entry-type-page post-entry-8529'><div class='entry-content-wrapper clearfix'>\n\n<style type=\"text\/css\" data-created_by=\"avia_inline_auto\" id=\"style-css-av-f4adf-10ec237f41fc263900605f359d5990bc\">\n#top .av-special-heading.av-f4adf-10ec237f41fc263900605f359d5990bc{\npadding-bottom:20px;\nfont-size:40px;\n}\nbody .av-special-heading.av-f4adf-10ec237f41fc263900605f359d5990bc .av-special-heading-tag .heading-char{\nfont-size:25px;\n}\n#top #wrap_all .av-special-heading.av-f4adf-10ec237f41fc263900605f359d5990bc .av-special-heading-tag{\nfont-size:40px;\n}\n.av-special-heading.av-f4adf-10ec237f41fc263900605f359d5990bc .av-subheading{\nfont-size:15px;\n}\n<\/style>\n<div  class='av-special-heading av-f4adf-10ec237f41fc263900605f359d5990bc av-special-heading-h2 blockquote modern-quote  avia-builder-el-1  el_before_av_heading  avia-builder-el-first  av-inherit-size'><h2 class='av-special-heading-tag'  itemprop=\"headline\"  >DO YOU WANT TO WORK WITH US?<\/h2><div class=\"special-heading-border\"><div class=\"special-heading-inner-border\"><\/div><\/div><\/div>\n\n\n<style type=\"text\/css\" data-created_by=\"avia_inline_auto\" id=\"style-css-av-2uhkk8-36562a06ab1506199e1cfe8da532bf60\">\n.flex_column.av-2uhkk8-36562a06ab1506199e1cfe8da532bf60{\nborder-radius:0px 0px 0px 0px;\n-webkit-border-radius:0px 0px 0px 0px;\n-moz-border-radius:0px 0px 0px 0px;\n}\n<\/style>\n<div class='flex_column av-2uhkk8-36562a06ab1506199e1cfe8da532bf60 av_one_half  avia-builder-el-3  el_after_av_heading  el_before_av_one_half  first flex_column_div av-zero-column-padding '   ><p><form action=\"https:\/\/ucalsa.com\/en\/do-you-want-to-work-with-us\/\" method=\"post\"  class=\"avia_ajax_form av-form-labels-hidden   avia-builder-el-4  el_before_av_textblock  avia-builder-el-first   \" data-avia-form-id=\"1\" data-avia-redirect='' ><fieldset><p class='  first_form  form_element form_element_half' id='element_avia_1_1'><label for=\"avia_1_1\">Name <abbr class=\"required\" title=\"required\">*<\/abbr><\/label> <input name=\"avia_1_1\" class=\"text_input is_empty\" type=\"text\" id=\"avia_1_1\" value=\"\"  placeholder='Name*'\/><\/p><p class='  form_element form_element_half' id='element_avia_2_1'><label for=\"avia_2_1\">E-Mail <abbr class=\"required\" title=\"required\">*<\/abbr><\/label> <input name=\"avia_2_1\" class=\"text_input is_email\" type=\"text\" id=\"avia_2_1\" value=\"\"  placeholder='E-Mail*'\/><\/p><div id='avia_3_1' class='av-form-text'><p><span style=\"color: #919191;\">Subject: Curriculum vitae form<\/span><\/p>\n<\/div><p class='  first_form  form_element form_fullwidth' id='element_avia_4_1'><label for=\"avia_4_1\" class=\"textare_label hidden textare_label_avia_4_1\">Mensage <abbr class=\"required\" title=\"required\">*<\/abbr><\/label><textarea  placeholder='Mensage*' name=\"avia_4_1\" class=\"text_area is_empty\" cols=\"40\" rows=\"7\" id=\"avia_4_1\" ><\/textarea><\/p><div id='avia_5_1' class='av-form-text'><p>By sending a form you must accept our <a title=\"Legal Notice\" href=\"https:\/\/ucalsa.com\/en\/legal-notice\/\" target=\"_blank\" rel=\"noopener\"> Legal Notice <\/a> and <a title=\"Privacy Policy\" href=\"https:\/\/ucalsa.com\/en\/privacy-policy\/\" target=\"_blank\" rel=\"noopener\">Privacy Policy<\/a><\/p>\n<\/div><p class='  first_form  form_element form_fullwidth' id='element_avia_6_1'><input  name=\"avia_6_1\" class=\"input_checkbox is_empty\" type=\"checkbox\" id=\"avia_6_1\" value=\"true\"\/><label class=\"input_checkbox_label\" for=\"avia_6_1\">I am of legal age and have read and accept the <a title=\"Legal Notice\" href=\"https:\/\/ucalsa.com\/en\/legal-notice\/\" target=\"_blank\" rel=\"noopener\"> Legal Notice <\/a> and <a title=\"Privacy Policy\" href=\"https:\/\/ucalsa.com\/en\/privacy-policy\/\" target=\"_blank\" rel=\"noopener\">Privacy Policy<\/a> <abbr class=\"required\" title=\"required\">*<\/abbr><\/label><\/p><p class=\"hidden\"><input type=\"text\" name=\"avia_7_1\" class=\"hidden \" id=\"avia_7_1\" value=\"\" \/><\/p><p class='   form_element form_fullwidth' id='element_avia_8_1'><span class='value_verifier_label'>0 + 1 = ?<\/span><input name=\"avia_8_1_verifier\" type=\"hidden\" id=\"avia_8_1_verifier\" value=\"864743116\"\/><label for=\"avia_8_1\">Please prove that you are human by solving the equation <abbr class=\"required\" title=\"required\">*<\/abbr><\/label><input name=\"avia_8_1\" class=\"text_input captcha\" type=\"text\" id=\"avia_8_1\" value=\"\"\/><\/p><p class=\"form_element \"><input type=\"hidden\" value=\"1\" name=\"avia_generated_form1\" \/><input type=\"submit\" value=\"Send\" class=\"button\"  data-sending-label=\"Sending\"\/><\/p><\/fieldset><\/form><div id=\"ajaxresponse_1\" class=\"ajaxresponse ajaxresponse_1 hidden\"><\/div><br \/>\n<section  class='av_textblock_section av-kjbpfott-1ca4e813eab0a14559005f5a67d5d147'  itemscope=\"itemscope\" itemtype=\"https:\/\/schema.org\/CreativeWork\" ><div class='avia_textblock'  itemprop=\"text\" ><ul>\n<li>Data controller: UCALSA, S.A.<\/li>\n<li>Purpose: Answer the requests on the form<\/li>\n<li>Lawful basis: Your express consent<\/li>\n<li>Recipient: UCALSA, S.A.<\/li>\n<li>Rights: You have the right to access, rectification, erasure, limitation, portability and omission of your data<\/li>\n<\/ul>\n<\/div><\/section><\/p><\/div>\n<style type=\"text\/css\" data-created_by=\"avia_inline_auto\" id=\"style-css-av-1u3nxc-1cfab9db8e443cee8db1a5d5e98da06e\">\n.flex_column.av-1u3nxc-1cfab9db8e443cee8db1a5d5e98da06e{\nborder-radius:0px 0px 0px 0px;\n-webkit-border-radius:0px 0px 0px 0px;\n-moz-border-radius:0px 0px 0px 0px;\n}\n<\/style>\n<div class='flex_column av-1u3nxc-1cfab9db8e443cee8db1a5d5e98da06e av_one_half  avia-builder-el-6  el_after_av_one_half  avia-builder-el-last  flex_column_div av-zero-column-padding '   ><style type=\"text\/css\" data-created_by=\"avia_inline_auto\" id=\"style-css-av-1sclv4-b035fc7a1ff3739a73f5640ebf8c3d95\">\n#top .av_textblock_section.av-1sclv4-b035fc7a1ff3739a73f5640ebf8c3d95 .avia_textblock{\ncolor:#023466;\n}\n<\/style>\n<section  class='av_textblock_section av-1sclv4-b035fc7a1ff3739a73f5640ebf8c3d95'  itemscope=\"itemscope\" itemtype=\"https:\/\/schema.org\/CreativeWork\" ><div class='avia_textblock av_inherit_color'  itemprop=\"text\" ><p><strong>UCALSA<\/strong><br \/>Uni\u00f3n Castellana de Alimentaci\u00f3n, S.A.<\/p>\n<p><strong>HEADQUARTERS<\/strong><br \/>C\/ Oquendo 23, 4\u00ba<br \/>28006 Madrid<br \/>Tel: +34 917 813 780<br \/>Fax: +34 917 819 028<\/p>\n<p><strong>LOGISTICS CENTER<\/strong><br \/>Avda. Juan Carlos I, 23<br \/>16400 Taranc\u00f3n (Cuenca)<br \/>Tel: +34 969 327 056<br \/>Fax: +34 969 327 058<\/p>\n<h4>\u00a0<\/h4>\n<\/div><\/section><\/div><\/div><\/div><\/main><!-- close content main element --><\/div><div class='av-extra-border-element border-extra-arrow-down'><div class='av-extra-border-outer'><div class='av-extra-border-inner'><\/div><\/div><\/div><\/div><div id='after_section_1'  class='main_color av_default_container_wrap container_wrap sidebar_right'  ><div class='container av-section-cont-open' ><div class='template-page content  av-content-small alpha units'><div class='post-entry post-entry-type-page post-entry-8529'><div class='entry-content-wrapper clearfix'>\n","protected":false},"excerpt":{"rendered":"","protected":false},"author":1,"featured_media":0,"parent":0,"menu_order":0,"comment_status":"closed","ping_status":"closed","template":"","meta":{"footnotes":""},"class_list":["post-8529","page","type-page","status-publish","hentry"],"yoast_head":"<!-- This site is optimized with the Yoast SEO plugin v24.4 - https:\/\/yoast.com\/wordpress\/plugins\/seo\/ -->\n<title>DO YOU WANT TO WORK WITH US? - Ucalsa S.A.<\/title>\n<meta name=\"robots\" content=\"index, follow, max-snippet:-1, max-image-preview:large, max-video-preview:-1\" \/>\n<link rel=\"canonical\" href=\"https:\/\/ucalsa.com\/en\/do-you-want-to-work-with-us\/\" \/>\n<meta property=\"og:locale\" content=\"en_US\" \/>\n<meta property=\"og:type\" content=\"article\" \/>\n<meta property=\"og:title\" content=\"DO YOU WANT TO WORK WITH US? - Ucalsa S.A.\" \/>\n<meta property=\"og:url\" content=\"https:\/\/ucalsa.com\/en\/do-you-want-to-work-with-us\/\" \/>\n<meta property=\"og:site_name\" content=\"Ucalsa S.A.\" \/>\n<meta property=\"article:publisher\" content=\"https:\/\/es-es.facebook.com\/UCALSA-259954814155018\/\" \/>\n<meta property=\"article:modified_time\" content=\"2022-05-05T14:20:54+00:00\" \/>\n<meta name=\"twitter:card\" content=\"summary_large_image\" \/>\n<meta name=\"twitter:label1\" content=\"Est. reading time\" \/>\n\t<meta name=\"twitter:data1\" content=\"4 minutes\" \/>\n<script type=\"application\/ld+json\" class=\"yoast-schema-graph\">{\"@context\":\"https:\/\/schema.org\",\"@graph\":[{\"@type\":\"WebPage\",\"@id\":\"https:\/\/ucalsa.com\/en\/do-you-want-to-work-with-us\/\",\"url\":\"https:\/\/ucalsa.com\/en\/do-you-want-to-work-with-us\/\",\"name\":\"DO YOU WANT TO WORK WITH US? - Ucalsa S.A.\",\"isPartOf\":{\"@id\":\"https:\/\/ucalsa.com\/en\/#website\"},\"datePublished\":\"2020-12-30T07:53:09+00:00\",\"dateModified\":\"2022-05-05T14:20:54+00:00\",\"breadcrumb\":{\"@id\":\"https:\/\/ucalsa.com\/en\/do-you-want-to-work-with-us\/#breadcrumb\"},\"inLanguage\":\"en-US\",\"potentialAction\":[{\"@type\":\"ReadAction\",\"target\":[\"https:\/\/ucalsa.com\/en\/do-you-want-to-work-with-us\/\"]}]},{\"@type\":\"BreadcrumbList\",\"@id\":\"https:\/\/ucalsa.com\/en\/do-you-want-to-work-with-us\/#breadcrumb\",\"itemListElement\":[{\"@type\":\"ListItem\",\"position\":1,\"name\":\"Portada\",\"item\":\"https:\/\/ucalsa.com\/en\/home-uk-compliant\/\"},{\"@type\":\"ListItem\",\"position\":2,\"name\":\"DO YOU WANT TO WORK WITH US?\"}]},{\"@type\":\"WebSite\",\"@id\":\"https:\/\/ucalsa.com\/en\/#website\",\"url\":\"https:\/\/ucalsa.com\/en\/\",\"name\":\"Ucalsa S.A.\",\"description\":\"Ucalsa, empresa l\u00edder en construcci\u00f3n y gesti\u00f3n de instalaciones temporales y bases de vida; compras, suministro y log\u00edstica internacional, restauraci\u00f3n colectiva y servicios sociales.\",\"publisher\":{\"@id\":\"https:\/\/ucalsa.com\/en\/#organization\"},\"potentialAction\":[{\"@type\":\"SearchAction\",\"target\":{\"@type\":\"EntryPoint\",\"urlTemplate\":\"https:\/\/ucalsa.com\/en\/?s={search_term_string}\"},\"query-input\":{\"@type\":\"PropertyValueSpecification\",\"valueRequired\":true,\"valueName\":\"search_term_string\"}}],\"inLanguage\":\"en-US\"},{\"@type\":\"Organization\",\"@id\":\"https:\/\/ucalsa.com\/en\/#organization\",\"name\":\"UCALSA S.A.\",\"url\":\"https:\/\/ucalsa.com\/en\/\",\"logo\":{\"@type\":\"ImageObject\",\"inLanguage\":\"en-US\",\"@id\":\"https:\/\/ucalsa.com\/en\/#\/schema\/logo\/image\/\",\"url\":\"https:\/\/ucalsa.com\/wp-content\/uploads\/2018\/06\/logo-ucalsa.png\",\"contentUrl\":\"https:\/\/ucalsa.com\/wp-content\/uploads\/2018\/06\/logo-ucalsa.png\",\"width\":835,\"height\":219,\"caption\":\"UCALSA S.A.\"},\"image\":{\"@id\":\"https:\/\/ucalsa.com\/en\/#\/schema\/logo\/image\/\"},\"sameAs\":[\"https:\/\/es-es.facebook.com\/UCALSA-259954814155018\/\",\"https:\/\/es.linkedin.com\/company\/ucalsa\"]}]}<\/script>\n<!-- \/ Yoast SEO plugin. -->","yoast_head_json":{"title":"DO YOU WANT TO WORK WITH US? - Ucalsa S.A.","robots":{"index":"index","follow":"follow","max-snippet":"max-snippet:-1","max-image-preview":"max-image-preview:large","max-video-preview":"max-video-preview:-1"},"canonical":"https:\/\/ucalsa.com\/en\/do-you-want-to-work-with-us\/","og_locale":"en_US","og_type":"article","og_title":"DO YOU WANT TO WORK WITH US? - Ucalsa S.A.","og_url":"https:\/\/ucalsa.com\/en\/do-you-want-to-work-with-us\/","og_site_name":"Ucalsa S.A.","article_publisher":"https:\/\/es-es.facebook.com\/UCALSA-259954814155018\/","article_modified_time":"2022-05-05T14:20:54+00:00","twitter_card":"summary_large_image","twitter_misc":{"Est. reading time":"4 minutes"},"schema":{"@context":"https:\/\/schema.org","@graph":[{"@type":"WebPage","@id":"https:\/\/ucalsa.com\/en\/do-you-want-to-work-with-us\/","url":"https:\/\/ucalsa.com\/en\/do-you-want-to-work-with-us\/","name":"DO YOU WANT TO WORK WITH US? - Ucalsa S.A.","isPartOf":{"@id":"https:\/\/ucalsa.com\/en\/#website"},"datePublished":"2020-12-30T07:53:09+00:00","dateModified":"2022-05-05T14:20:54+00:00","breadcrumb":{"@id":"https:\/\/ucalsa.com\/en\/do-you-want-to-work-with-us\/#breadcrumb"},"inLanguage":"en-US","potentialAction":[{"@type":"ReadAction","target":["https:\/\/ucalsa.com\/en\/do-you-want-to-work-with-us\/"]}]},{"@type":"BreadcrumbList","@id":"https:\/\/ucalsa.com\/en\/do-you-want-to-work-with-us\/#breadcrumb","itemListElement":[{"@type":"ListItem","position":1,"name":"Portada","item":"https:\/\/ucalsa.com\/en\/home-uk-compliant\/"},{"@type":"ListItem","position":2,"name":"DO YOU WANT TO WORK WITH US?"}]},{"@type":"WebSite","@id":"https:\/\/ucalsa.com\/en\/#website","url":"https:\/\/ucalsa.com\/en\/","name":"Ucalsa S.A.","description":"Ucalsa, empresa l\u00edder en construcci\u00f3n y gesti\u00f3n de instalaciones temporales y bases de vida; compras, suministro y log\u00edstica internacional, restauraci\u00f3n colectiva y servicios sociales.","publisher":{"@id":"https:\/\/ucalsa.com\/en\/#organization"},"potentialAction":[{"@type":"SearchAction","target":{"@type":"EntryPoint","urlTemplate":"https:\/\/ucalsa.com\/en\/?s={search_term_string}"},"query-input":{"@type":"PropertyValueSpecification","valueRequired":true,"valueName":"search_term_string"}}],"inLanguage":"en-US"},{"@type":"Organization","@id":"https:\/\/ucalsa.com\/en\/#organization","name":"UCALSA S.A.","url":"https:\/\/ucalsa.com\/en\/","logo":{"@type":"ImageObject","inLanguage":"en-US","@id":"https:\/\/ucalsa.com\/en\/#\/schema\/logo\/image\/","url":"https:\/\/ucalsa.com\/wp-content\/uploads\/2018\/06\/logo-ucalsa.png","contentUrl":"https:\/\/ucalsa.com\/wp-content\/uploads\/2018\/06\/logo-ucalsa.png","width":835,"height":219,"caption":"UCALSA S.A."},"image":{"@id":"https:\/\/ucalsa.com\/en\/#\/schema\/logo\/image\/"},"sameAs":["https:\/\/es-es.facebook.com\/UCALSA-259954814155018\/","https:\/\/es.linkedin.com\/company\/ucalsa"]}]}},"_links":{"self":[{"href":"https:\/\/ucalsa.com\/en\/wp-json\/wp\/v2\/pages\/8529","targetHints":{"allow":["GET"]}}],"collection":[{"href":"https:\/\/ucalsa.com\/en\/wp-json\/wp\/v2\/pages"}],"about":[{"href":"https:\/\/ucalsa.com\/en\/wp-json\/wp\/v2\/types\/page"}],"author":[{"embeddable":true,"href":"https:\/\/ucalsa.com\/en\/wp-json\/wp\/v2\/users\/1"}],"replies":[{"embeddable":true,"href":"https:\/\/ucalsa.com\/en\/wp-json\/wp\/v2\/comments?post=8529"}],"version-history":[{"count":3,"href":"https:\/\/ucalsa.com\/en\/wp-json\/wp\/v2\/pages\/8529\/revisions"}],"predecessor-version":[{"id":8663,"href":"https:\/\/ucalsa.com\/en\/wp-json\/wp\/v2\/pages\/8529\/revisions\/8663"}],"wp:attachment":[{"href":"https:\/\/ucalsa.com\/en\/wp-json\/wp\/v2\/media?parent=8529"}],"curies":[{"name":"wp","href":"https:\/\/api.w.org\/{rel}","templated":true}]}}